{"id":3121,"date":"2024-11-30T22:54:11","date_gmt":"2024-11-30T22:54:11","guid":{"rendered":"https:\/\/www.printings-n.com\/produit\/notes-adhesives-digistix-digistix\/"},"modified":"2024-11-30T22:54:12","modified_gmt":"2024-11-30T22:54:12","slug":"notes-adhesives-digistix-digistix","status":"publish","type":"product","link":"https:\/\/www.printings-n.com\/fr_fr\/produit\/notes-adhesives-digistix-digistix\/","title":{"rendered":"Notes adh\u00e9sives Digistix"},"content":{"rendered":"<p>Restez organis\u00e9 \u00e0 la maison ou au bureau avec vos propres notes adh\u00e9sives imprim\u00e9es et personnalis\u00e9es ! Id\u00e9ales pour les simples listes de choses \u00e0 faire ou pour les rappels d&#039;\u00e9v\u00e9nements importants \u00e0 venir, ce produit couvre tout.  Parfait pour un cadeau de sac de goodies ou un cadeau gratuit pour vos clients, ce produit garantit que l&#039;on se souviendra de votre marque ! <\/p>\n<p>Disponible avec plusieurs options, nous savons qu&#039;il y aura quelque chose de parfait pour r\u00e9pondre \u00e0 vos besoins. De plus, les notes adh\u00e9sives viennent en couleur, vous avez donc la possibilit\u00e9 d&#039;\u00eatre vraiment cr\u00e9atif avec votre design !<\/p>\n","protected":false},"excerpt":{"rendered":"<p>Restez organis\u00e9 \u00e0 la maison ou au bureau avec vos propres notes adh\u00e9sives imprim\u00e9es et personnalis\u00e9es ! Id\u00e9ales pour les simples listes de choses \u00e0 faire ou pour les rappels d&#039;\u00e9v\u00e9nements importants \u00e0 venir, ce produit couvre tout. Parfait pour un cadeau de sac de goodies ou un cadeau gratuit pour vos clients, ce produit [&hellip;]<\/p>\n","protected":false},"featured_media":3122,"comment_status":"open","ping_status":"closed","template":"","meta":[],"product_brand":[],"product_cat":[78],"product_tag":[],"class_list":{"0":"post-3121","1":"product","2":"type-product","3":"status-publish","4":"has-post-thumbnail","6":"product_cat-papeterie","8":"first","9":"instock","10":"taxable","11":"shipping-taxable","12":"product-type-simple"},"_links":{"self":[{"href":"https:\/\/www.printings-n.com\/fr_fr\/wp-json\/wp\/v2\/product\/3121","targetHints":{"allow":["GET"]}}],"collection":[{"href":"https:\/\/www.printings-n.com\/fr_fr\/wp-json\/wp\/v2\/product"}],"about":[{"href":"https:\/\/www.printings-n.com\/fr_fr\/wp-json\/wp\/v2\/types\/product"}],"replies":[{"embeddable":true,"href":"https:\/\/www.printings-n.com\/fr_fr\/wp-json\/wp\/v2\/comments?post=3121"}],"wp:featuredmedia":[{"embeddable":true,"href":"https:\/\/www.printings-n.com\/fr_fr\/wp-json\/wp\/v2\/media\/3122"}],"wp:attachment":[{"href":"https:\/\/www.printings-n.com\/fr_fr\/wp-json\/wp\/v2\/media?parent=3121"}],"wp:term":[{"taxonomy":"product_brand","embeddable":true,"href":"https:\/\/www.printings-n.com\/fr_fr\/wp-json\/wp\/v2\/product_brand?post=3121"},{"taxonomy":"product_cat","embeddable":true,"href":"https:\/\/www.printings-n.com\/fr_fr\/wp-json\/wp\/v2\/product_cat?post=3121"},{"taxonomy":"product_tag","embeddable":true,"href":"https:\/\/www.printings-n.com\/fr_fr\/wp-json\/wp\/v2\/product_tag?post=3121"}],"curies":[{"name":"wp","href":"https:\/\/api.w.org\/{rel}","templated":true}]}}