{"id":3107,"date":"2024-11-30T22:53:35","date_gmt":"2024-11-30T22:53:35","guid":{"rendered":"https:\/\/www.printings-n.com\/produit\/chemises-a-rabat-ecologiques-folderseco\/"},"modified":"2024-11-30T22:53:35","modified_gmt":"2024-11-30T22:53:35","slug":"chemises-a-rabat-ecologiques-folderseco","status":"publish","type":"product","link":"https:\/\/www.printings-n.com\/fr_fr\/produit\/chemises-a-rabat-ecologiques-folderseco\/","title":{"rendered":"Chemises \u00e0 rabat \u00e9cologiques"},"content":{"rendered":"<p>Chez [site_name], nous cr\u00e9ons des chemises \u00e0 rabat \u00e9cologiques de haute qualit\u00e9 qui refl\u00e8tent vraiment l&#039;image professionnelle de votre entreprise. Commandez les v\u00f4tres pour votre prochaine pr\u00e9sentation !<br \/>\nCes chemises sont dot\u00e9es d&#039;une petite fente o\u00f9 vous pouvez \u00e9galement ins\u00e9rer une carte de visite !<\/p>\n<p>*Note : les chemises \u00e0 rabat sont livr\u00e9es \u00e0 plat et avec rainures*.<\/p>\n","protected":false},"excerpt":{"rendered":"<p>Chez [site_name], nous cr\u00e9ons des chemises \u00e0 rabat \u00e9cologiques de haute qualit\u00e9 qui refl\u00e8tent vraiment l&#039;image professionnelle de votre entreprise. Commandez les v\u00f4tres pour votre prochaine pr\u00e9sentation ! Ces chemises sont dot\u00e9es d&#039;une petite fente o\u00f9 vous pouvez \u00e9galement ins\u00e9rer une carte de visite ! *Note : les chemises \u00e0 rabat sont livr\u00e9es \u00e0 plat [&hellip;]<\/p>\n","protected":false},"featured_media":3108,"comment_status":"open","ping_status":"closed","template":"","meta":[],"product_brand":[],"product_cat":[78],"product_tag":[],"class_list":{"0":"post-3107","1":"product","2":"type-product","3":"status-publish","4":"has-post-thumbnail","6":"product_cat-papeterie","8":"first","9":"instock","10":"taxable","11":"shipping-taxable","12":"product-type-simple"},"_links":{"self":[{"href":"https:\/\/www.printings-n.com\/fr_fr\/wp-json\/wp\/v2\/product\/3107","targetHints":{"allow":["GET"]}}],"collection":[{"href":"https:\/\/www.printings-n.com\/fr_fr\/wp-json\/wp\/v2\/product"}],"about":[{"href":"https:\/\/www.printings-n.com\/fr_fr\/wp-json\/wp\/v2\/types\/product"}],"replies":[{"embeddable":true,"href":"https:\/\/www.printings-n.com\/fr_fr\/wp-json\/wp\/v2\/comments?post=3107"}],"wp:featuredmedia":[{"embeddable":true,"href":"https:\/\/www.printings-n.com\/fr_fr\/wp-json\/wp\/v2\/media\/3108"}],"wp:attachment":[{"href":"https:\/\/www.printings-n.com\/fr_fr\/wp-json\/wp\/v2\/media?parent=3107"}],"wp:term":[{"taxonomy":"product_brand","embeddable":true,"href":"https:\/\/www.printings-n.com\/fr_fr\/wp-json\/wp\/v2\/product_brand?post=3107"},{"taxonomy":"product_cat","embeddable":true,"href":"https:\/\/www.printings-n.com\/fr_fr\/wp-json\/wp\/v2\/product_cat?post=3107"},{"taxonomy":"product_tag","embeddable":true,"href":"https:\/\/www.printings-n.com\/fr_fr\/wp-json\/wp\/v2\/product_tag?post=3107"}],"curies":[{"name":"wp","href":"https:\/\/api.w.org\/{rel}","templated":true}]}}