{"id":3088,"date":"2024-11-30T22:52:57","date_gmt":"2024-11-30T22:52:57","guid":{"rendered":"https:\/\/www.printings-n.com\/produit\/marque-pages-recycles-bookmarkseco\/"},"modified":"2024-11-30T22:52:57","modified_gmt":"2024-11-30T22:52:57","slug":"marque-pages-recycles-bookmarkseco","status":"publish","type":"product","link":"https:\/\/www.printings-n.com\/fr_fr\/produit\/marque-pages-recycles-bookmarkseco\/","title":{"rendered":"Marque-pages recycl\u00e9s"},"content":{"rendered":"<p>Soyez sur la m\u00eame longueur d&#039;onde que vos clients ! Imprimer des Marque-pages en papier recycl\u00e9 personnalis\u00e9s pour votre prochaine campagne marketing et offrez un cadeau utile \u00e0 vos clients ou prospects.<br \/>\nLes marques-pages de chez [site_name] sont disponibles en trois types de papier pour s&#039;adapter \u00e0 diff\u00e9rents design : &lt;br&gt;<\/p>\n<p>Nous avons du papier 100% Recycl\u00e9 de couleur blanche gris\u00e2tre. Il s&#039;harmonise parfaitement avec les design de tons plus froids. &lt;br&gt;<\/p>\n<p>Si vous recherchez un papier qui fonctionne bien avec des motifs aux tons plus chauds, obtenez le papier blanc cass\u00e9 Bio Top\u00ae\ufe0f, fabriqu\u00e9 enti\u00e8rement \u00e0 partir de d\u00e9chets agricoles produits avec de l\u2019\u00e9nergie verte. Il est biod\u00e9gradables et certifi\u00e9 Ecolabel par l&#039;UE. &lt;br&gt;<\/p>\n","protected":false},"excerpt":{"rendered":"<p>Soyez sur la m\u00eame longueur d&#039;onde que vos clients ! Imprimer des Marque-pages en papier recycl\u00e9 personnalis\u00e9s pour votre prochaine campagne marketing et offrez un cadeau utile \u00e0 vos clients ou prospects. Les marques-pages de chez [site_name] sont disponibles en trois types de papier pour s&#039;adapter \u00e0 diff\u00e9rents design : &lt;br&gt; Nous avons du papier [&hellip;]<\/p>\n","protected":false},"featured_media":3089,"comment_status":"open","ping_status":"closed","template":"","meta":[],"product_brand":[],"product_cat":[78],"product_tag":[],"class_list":{"0":"post-3088","1":"product","2":"type-product","3":"status-publish","4":"has-post-thumbnail","6":"product_cat-papeterie","8":"first","9":"instock","10":"taxable","11":"shipping-taxable","12":"product-type-simple"},"_links":{"self":[{"href":"https:\/\/www.printings-n.com\/fr_fr\/wp-json\/wp\/v2\/product\/3088","targetHints":{"allow":["GET"]}}],"collection":[{"href":"https:\/\/www.printings-n.com\/fr_fr\/wp-json\/wp\/v2\/product"}],"about":[{"href":"https:\/\/www.printings-n.com\/fr_fr\/wp-json\/wp\/v2\/types\/product"}],"replies":[{"embeddable":true,"href":"https:\/\/www.printings-n.com\/fr_fr\/wp-json\/wp\/v2\/comments?post=3088"}],"wp:featuredmedia":[{"embeddable":true,"href":"https:\/\/www.printings-n.com\/fr_fr\/wp-json\/wp\/v2\/media\/3089"}],"wp:attachment":[{"href":"https:\/\/www.printings-n.com\/fr_fr\/wp-json\/wp\/v2\/media?parent=3088"}],"wp:term":[{"taxonomy":"product_brand","embeddable":true,"href":"https:\/\/www.printings-n.com\/fr_fr\/wp-json\/wp\/v2\/product_brand?post=3088"},{"taxonomy":"product_cat","embeddable":true,"href":"https:\/\/www.printings-n.com\/fr_fr\/wp-json\/wp\/v2\/product_cat?post=3088"},{"taxonomy":"product_tag","embeddable":true,"href":"https:\/\/www.printings-n.com\/fr_fr\/wp-json\/wp\/v2\/product_tag?post=3088"}],"curies":[{"name":"wp","href":"https:\/\/api.w.org\/{rel}","templated":true}]}}