{"id":3086,"date":"2024-11-30T22:52:46","date_gmt":"2024-11-30T22:52:46","guid":{"rendered":"https:\/\/www.printings-n.com\/produit\/marque-page-standard-bookmarks\/"},"modified":"2024-11-30T22:52:47","modified_gmt":"2024-11-30T22:52:47","slug":"marque-page-standard-bookmarks","status":"publish","type":"product","link":"https:\/\/www.printings-n.com\/fr_fr\/produit\/marque-page-standard-bookmarks\/","title":{"rendered":"Marque page standard"},"content":{"rendered":"<p>Imprimez votre marque page avec [site_name] et offrez un cadeau utile et agr\u00e9able \u00e0 tous ceux qui vous entourent et qui aiment lire. Le marque page peut \u00eatre une fa\u00e7on cr\u00e9ative de promouvoir votre soci\u00e9t\u00e9. Amusez-vous \u00e0 cr\u00e9er un marque page \u00e0 imprimer gr\u00e2ce \u00e0 nos diff\u00e9rents mat\u00e9riaux et tailles. Vous avez le choix entre du papier 300g ou 400g. Les marque pages standards sont \u00e9galement parfaits en tant que coupons ou tickets \u00e0 distribuer !<\/p>\n","protected":false},"excerpt":{"rendered":"<p>Imprimez votre marque page avec [site_name] et offrez un cadeau utile et agr\u00e9able \u00e0 tous ceux qui vous entourent et qui aiment lire. Le marque page peut \u00eatre une fa\u00e7on cr\u00e9ative de promouvoir votre soci\u00e9t\u00e9. Amusez-vous \u00e0 cr\u00e9er un marque page \u00e0 imprimer gr\u00e2ce \u00e0 nos diff\u00e9rents mat\u00e9riaux et tailles. Vous avez le choix entre [&hellip;]<\/p>\n","protected":false},"featured_media":3087,"comment_status":"open","ping_status":"closed","template":"","meta":[],"product_brand":[],"product_cat":[78],"product_tag":[],"class_list":{"0":"post-3086","1":"product","2":"type-product","3":"status-publish","4":"has-post-thumbnail","6":"product_cat-papeterie","8":"first","9":"instock","10":"taxable","11":"shipping-taxable","12":"product-type-simple"},"_links":{"self":[{"href":"https:\/\/www.printings-n.com\/fr_fr\/wp-json\/wp\/v2\/product\/3086","targetHints":{"allow":["GET"]}}],"collection":[{"href":"https:\/\/www.printings-n.com\/fr_fr\/wp-json\/wp\/v2\/product"}],"about":[{"href":"https:\/\/www.printings-n.com\/fr_fr\/wp-json\/wp\/v2\/types\/product"}],"replies":[{"embeddable":true,"href":"https:\/\/www.printings-n.com\/fr_fr\/wp-json\/wp\/v2\/comments?post=3086"}],"wp:featuredmedia":[{"embeddable":true,"href":"https:\/\/www.printings-n.com\/fr_fr\/wp-json\/wp\/v2\/media\/3087"}],"wp:attachment":[{"href":"https:\/\/www.printings-n.com\/fr_fr\/wp-json\/wp\/v2\/media?parent=3086"}],"wp:term":[{"taxonomy":"product_brand","embeddable":true,"href":"https:\/\/www.printings-n.com\/fr_fr\/wp-json\/wp\/v2\/product_brand?post=3086"},{"taxonomy":"product_cat","embeddable":true,"href":"https:\/\/www.printings-n.com\/fr_fr\/wp-json\/wp\/v2\/product_cat?post=3086"},{"taxonomy":"product_tag","embeddable":true,"href":"https:\/\/www.printings-n.com\/fr_fr\/wp-json\/wp\/v2\/product_tag?post=3086"}],"curies":[{"name":"wp","href":"https:\/\/api.w.org\/{rel}","templated":true}]}}