{"id":3084,"date":"2024-11-30T22:52:42","date_gmt":"2024-11-30T22:52:42","guid":{"rendered":"https:\/\/www.printings-n.com\/produit\/classeur-4-anneaux-binders\/"},"modified":"2024-11-30T22:52:42","modified_gmt":"2024-11-30T22:52:42","slug":"classeur-4-anneaux-binders","status":"publish","type":"product","link":"https:\/\/www.printings-n.com\/fr_fr\/produit\/classeur-4-anneaux-binders\/","title":{"rendered":"Classeur 4 anneaux"},"content":{"rendered":"<p>Classeur 4 anneaux sont un excellent moyen de diffuser l&#039;identit\u00e9 de votre entreprise. Vous impressionnerez vos clients potentiels avec des classeurs \u00e0 anneaux imprim\u00e9s personnalis\u00e9s de [site_name]. Imprimez votre propre design et\/ou logo et faites conna\u00eetre votre image de marque \u00e0 vos clients. Les classeurs sont con\u00e7us pour contenir des documents de taille maximale A4. L&#039;ext\u00e9rieur est imprim\u00e9 avec votre design, en couleur, avec un pelliculage mat sur les deux faces.<\/p>\n","protected":false},"excerpt":{"rendered":"<p>Classeur 4 anneaux sont un excellent moyen de diffuser l&#039;identit\u00e9 de votre entreprise. Vous impressionnerez vos clients potentiels avec des classeurs \u00e0 anneaux imprim\u00e9s personnalis\u00e9s de [site_name]. Imprimez votre propre design et\/ou logo et faites conna\u00eetre votre image de marque \u00e0 vos clients. Les classeurs sont con\u00e7us pour contenir des documents de taille maximale A4. [&hellip;]<\/p>\n","protected":false},"featured_media":3085,"comment_status":"open","ping_status":"closed","template":"","meta":[],"product_brand":[],"product_cat":[78],"product_tag":[],"class_list":{"0":"post-3084","1":"product","2":"type-product","3":"status-publish","4":"has-post-thumbnail","6":"product_cat-papeterie","8":"first","9":"instock","10":"taxable","11":"shipping-taxable","12":"product-type-simple"},"_links":{"self":[{"href":"https:\/\/www.printings-n.com\/fr_fr\/wp-json\/wp\/v2\/product\/3084","targetHints":{"allow":["GET"]}}],"collection":[{"href":"https:\/\/www.printings-n.com\/fr_fr\/wp-json\/wp\/v2\/product"}],"about":[{"href":"https:\/\/www.printings-n.com\/fr_fr\/wp-json\/wp\/v2\/types\/product"}],"replies":[{"embeddable":true,"href":"https:\/\/www.printings-n.com\/fr_fr\/wp-json\/wp\/v2\/comments?post=3084"}],"wp:featuredmedia":[{"embeddable":true,"href":"https:\/\/www.printings-n.com\/fr_fr\/wp-json\/wp\/v2\/media\/3085"}],"wp:attachment":[{"href":"https:\/\/www.printings-n.com\/fr_fr\/wp-json\/wp\/v2\/media?parent=3084"}],"wp:term":[{"taxonomy":"product_brand","embeddable":true,"href":"https:\/\/www.printings-n.com\/fr_fr\/wp-json\/wp\/v2\/product_brand?post=3084"},{"taxonomy":"product_cat","embeddable":true,"href":"https:\/\/www.printings-n.com\/fr_fr\/wp-json\/wp\/v2\/product_cat?post=3084"},{"taxonomy":"product_tag","embeddable":true,"href":"https:\/\/www.printings-n.com\/fr_fr\/wp-json\/wp\/v2\/product_tag?post=3084"}],"curies":[{"name":"wp","href":"https:\/\/api.w.org\/{rel}","templated":true}]}}