{"id":3080,"date":"2024-11-30T22:52:06","date_gmt":"2024-11-30T22:52:06","guid":{"rendered":"https:\/\/www.printings-n.com\/produit\/livrets-agrafes-booklets5\/"},"modified":"2024-11-30T22:52:07","modified_gmt":"2024-11-30T22:52:07","slug":"livrets-agrafes-booklets5","status":"publish","type":"product","link":"https:\/\/www.printings-n.com\/fr_fr\/produit\/livrets-agrafes-booklets5\/","title":{"rendered":"Livrets agraf\u00e9s"},"content":{"rendered":"<p>Les livrets agraf\u00e9s ou brochure piqu\u00e9e sont parfaits pour les menus, catalogue de produits, promotions, pr\u00e9sentation de votre entreprise et bien plus encore ! Ce type de reliure piqu\u00e9e, deux points m\u00e9tal, piqure \u00e0 cheval est disponible en plusieurs formats et peut \u00eatre destin\u00e9 \u00e0 plusieurs usages.&lt;br&gt;<br \/>\nNos livrets personnalis\u00e9s sont parfaits pour des designs de haute qualit\u00e9 avec une vari\u00e9t\u00e9 de finitions. Finition brillante pour mettre en valeur vos images, mate pour vos textes, et papier inscriptible. &lt;br&gt;&lt;br&gt;<br \/>\nVous avez besoin d&#039;appliquer un taux de TVA diff\u00e9rent pour vos livrets ? Consultez cet article.<br \/>\n&lt;br&gt;&lt;br&gt;<br \/>\nVous recherchez autre chose ? D\u00e9couvrez toute notre gamme de livrets, brochures et catalogues personnalis\u00e9s !<\/p>\n","protected":false},"excerpt":{"rendered":"<p>Les livrets agraf\u00e9s ou brochure piqu\u00e9e sont parfaits pour les menus, catalogue de produits, promotions, pr\u00e9sentation de votre entreprise et bien plus encore ! Ce type de reliure piqu\u00e9e, deux points m\u00e9tal, piqure \u00e0 cheval est disponible en plusieurs formats et peut \u00eatre destin\u00e9 \u00e0 plusieurs usages.&lt;br&gt; Nos livrets personnalis\u00e9s sont parfaits pour des designs [&hellip;]<\/p>\n","protected":false},"featured_media":3081,"comment_status":"open","ping_status":"closed","template":"","meta":[],"product_brand":[],"product_cat":[77],"product_tag":[],"class_list":{"0":"post-3080","1":"product","2":"type-product","3":"status-publish","4":"has-post-thumbnail","6":"product_cat-brochures","8":"first","9":"instock","10":"taxable","11":"shipping-taxable","12":"product-type-simple"},"_links":{"self":[{"href":"https:\/\/www.printings-n.com\/fr_fr\/wp-json\/wp\/v2\/product\/3080","targetHints":{"allow":["GET"]}}],"collection":[{"href":"https:\/\/www.printings-n.com\/fr_fr\/wp-json\/wp\/v2\/product"}],"about":[{"href":"https:\/\/www.printings-n.com\/fr_fr\/wp-json\/wp\/v2\/types\/product"}],"replies":[{"embeddable":true,"href":"https:\/\/www.printings-n.com\/fr_fr\/wp-json\/wp\/v2\/comments?post=3080"}],"wp:featuredmedia":[{"embeddable":true,"href":"https:\/\/www.printings-n.com\/fr_fr\/wp-json\/wp\/v2\/media\/3081"}],"wp:attachment":[{"href":"https:\/\/www.printings-n.com\/fr_fr\/wp-json\/wp\/v2\/media?parent=3080"}],"wp:term":[{"taxonomy":"product_brand","embeddable":true,"href":"https:\/\/www.printings-n.com\/fr_fr\/wp-json\/wp\/v2\/product_brand?post=3080"},{"taxonomy":"product_cat","embeddable":true,"href":"https:\/\/www.printings-n.com\/fr_fr\/wp-json\/wp\/v2\/product_cat?post=3080"},{"taxonomy":"product_tag","embeddable":true,"href":"https:\/\/www.printings-n.com\/fr_fr\/wp-json\/wp\/v2\/product_tag?post=3080"}],"curies":[{"name":"wp","href":"https:\/\/api.w.org\/{rel}","templated":true}]}}