{"id":3074,"date":"2024-11-30T22:51:35","date_gmt":"2024-11-30T22:51:35","guid":{"rendered":"https:\/\/www.printings-n.com\/produit\/brochures-a-agrafes-boucles-loopstitchedbrochures\/"},"modified":"2024-11-30T22:51:37","modified_gmt":"2024-11-30T22:51:37","slug":"brochures-a-agrafes-boucles-loopstitchedbrochures","status":"publish","type":"product","link":"https:\/\/www.printings-n.com\/fr_fr\/produit\/brochures-a-agrafes-boucles-loopstitchedbrochures\/","title":{"rendered":"Brochures \u00e0 agrafes boucles"},"content":{"rendered":"<p>L&#039;impression des brochures \u00e0 agrafes boucles ou reliure point boucle, loops ou omega permettent un archivage facile et efficace ! Id\u00e9al pour des supports de formation ou rapports commerciaux, avec les brochures agrafes boucles omega vous pouvez archiver vos brochures de mani\u00e8re pratique dans vos classeurs. Les brochures piqure bouclette sont imprim\u00e9s sur du papier de haute qualit\u00e9. Impressionnez vos clients, votre personnel ou  vos partenaires commerciaux. Cr\u00e9ez et commandez vos brochures avec agrafe \u00e0 boucles personnalis\u00e9es au meilleur prix en quelques clics !<br \/>\n&lt;br&gt;&lt;br&gt;<br \/>\nVous recherchez autre chose ? D\u00e9couvrez toute notre gamme de livrets, brochures et catalogues imprim\u00e9s !<\/p>\n","protected":false},"excerpt":{"rendered":"<p>L&#039;impression des brochures \u00e0 agrafes boucles ou reliure point boucle, loops ou omega permettent un archivage facile et efficace ! Id\u00e9al pour des supports de formation ou rapports commerciaux, avec les brochures agrafes boucles omega vous pouvez archiver vos brochures de mani\u00e8re pratique dans vos classeurs. Les brochures piqure bouclette sont imprim\u00e9s sur du papier [&hellip;]<\/p>\n","protected":false},"featured_media":3075,"comment_status":"open","ping_status":"closed","template":"","meta":[],"product_brand":[],"product_cat":[77],"product_tag":[],"class_list":{"0":"post-3074","1":"product","2":"type-product","3":"status-publish","4":"has-post-thumbnail","6":"product_cat-brochures","8":"first","9":"instock","10":"taxable","11":"shipping-taxable","12":"product-type-simple"},"_links":{"self":[{"href":"https:\/\/www.printings-n.com\/fr_fr\/wp-json\/wp\/v2\/product\/3074","targetHints":{"allow":["GET"]}}],"collection":[{"href":"https:\/\/www.printings-n.com\/fr_fr\/wp-json\/wp\/v2\/product"}],"about":[{"href":"https:\/\/www.printings-n.com\/fr_fr\/wp-json\/wp\/v2\/types\/product"}],"replies":[{"embeddable":true,"href":"https:\/\/www.printings-n.com\/fr_fr\/wp-json\/wp\/v2\/comments?post=3074"}],"wp:featuredmedia":[{"embeddable":true,"href":"https:\/\/www.printings-n.com\/fr_fr\/wp-json\/wp\/v2\/media\/3075"}],"wp:attachment":[{"href":"https:\/\/www.printings-n.com\/fr_fr\/wp-json\/wp\/v2\/media?parent=3074"}],"wp:term":[{"taxonomy":"product_brand","embeddable":true,"href":"https:\/\/www.printings-n.com\/fr_fr\/wp-json\/wp\/v2\/product_brand?post=3074"},{"taxonomy":"product_cat","embeddable":true,"href":"https:\/\/www.printings-n.com\/fr_fr\/wp-json\/wp\/v2\/product_cat?post=3074"},{"taxonomy":"product_tag","embeddable":true,"href":"https:\/\/www.printings-n.com\/fr_fr\/wp-json\/wp\/v2\/product_tag?post=3074"}],"curies":[{"name":"wp","href":"https:\/\/api.w.org\/{rel}","templated":true}]}}