{"id":3072,"date":"2024-11-30T22:51:27","date_gmt":"2024-11-30T22:51:27","guid":{"rendered":"https:\/\/www.printings-n.com\/produit\/livres-photo-photobooks\/"},"modified":"2024-11-30T22:51:29","modified_gmt":"2024-11-30T22:51:29","slug":"livres-photo-photobooks","status":"publish","type":"product","link":"https:\/\/www.printings-n.com\/fr_fr\/produit\/livres-photo-photobooks\/","title":{"rendered":"Livres photo"},"content":{"rendered":"<p>Vous voulez imprimer vos photos sur un livre \u00e0 couverture rigide de qualit\u00e9 sup\u00e9rieure ? Eh bien, voici votre chance de le faire avec les livres photo personnalis\u00e9s de [site_name] ! Que vous en ayez besoin de peu ou de beaucoup, les livres photo \u00e0 couverture rigide sont le meilleur moyen de pr\u00e9senter visuellement le parcours de votre entreprise. La couverture rigide en forme de carapace de tortue prot\u00e8ge jusqu&#039;\u00e0 200 pages remplies des plus beaux souvenirs et moments de votre organisation. Choisissez parmi plusieurs types de papier et de formats pour cr\u00e9er une impression de livre photo personnalis\u00e9 parfait.<\/p>\n","protected":false},"excerpt":{"rendered":"<p>Vous voulez imprimer vos photos sur un livre \u00e0 couverture rigide de qualit\u00e9 sup\u00e9rieure ? Eh bien, voici votre chance de le faire avec les livres photo personnalis\u00e9s de [site_name] ! Que vous en ayez besoin de peu ou de beaucoup, les livres photo \u00e0 couverture rigide sont le meilleur moyen de pr\u00e9senter visuellement le [&hellip;]<\/p>\n","protected":false},"featured_media":3073,"comment_status":"open","ping_status":"closed","template":"","meta":[],"product_brand":[],"product_cat":[77],"product_tag":[],"class_list":{"0":"post-3072","1":"product","2":"type-product","3":"status-publish","4":"has-post-thumbnail","6":"product_cat-brochures","8":"first","9":"instock","10":"taxable","11":"shipping-taxable","12":"product-type-simple"},"_links":{"self":[{"href":"https:\/\/www.printings-n.com\/fr_fr\/wp-json\/wp\/v2\/product\/3072","targetHints":{"allow":["GET"]}}],"collection":[{"href":"https:\/\/www.printings-n.com\/fr_fr\/wp-json\/wp\/v2\/product"}],"about":[{"href":"https:\/\/www.printings-n.com\/fr_fr\/wp-json\/wp\/v2\/types\/product"}],"replies":[{"embeddable":true,"href":"https:\/\/www.printings-n.com\/fr_fr\/wp-json\/wp\/v2\/comments?post=3072"}],"wp:featuredmedia":[{"embeddable":true,"href":"https:\/\/www.printings-n.com\/fr_fr\/wp-json\/wp\/v2\/media\/3073"}],"wp:attachment":[{"href":"https:\/\/www.printings-n.com\/fr_fr\/wp-json\/wp\/v2\/media?parent=3072"}],"wp:term":[{"taxonomy":"product_brand","embeddable":true,"href":"https:\/\/www.printings-n.com\/fr_fr\/wp-json\/wp\/v2\/product_brand?post=3072"},{"taxonomy":"product_cat","embeddable":true,"href":"https:\/\/www.printings-n.com\/fr_fr\/wp-json\/wp\/v2\/product_cat?post=3072"},{"taxonomy":"product_tag","embeddable":true,"href":"https:\/\/www.printings-n.com\/fr_fr\/wp-json\/wp\/v2\/product_tag?post=3072"}],"curies":[{"name":"wp","href":"https:\/\/api.w.org\/{rel}","templated":true}]}}