{"id":3068,"date":"2024-11-30T22:51:18","date_gmt":"2024-11-30T22:51:18","guid":{"rendered":"https:\/\/www.printings-n.com\/produit\/livres-a-couverture-rigide-hardcoverbooklets\/"},"modified":"2024-11-30T22:51:19","modified_gmt":"2024-11-30T22:51:19","slug":"livres-a-couverture-rigide-hardcoverbooklets","status":"publish","type":"product","link":"https:\/\/www.printings-n.com\/fr_fr\/produit\/livres-a-couverture-rigide-hardcoverbooklets\/","title":{"rendered":"Livres \u00e0 couverture rigide"},"content":{"rendered":"<p>Vous avez toujours voulu publier votre propre livre \u00e0 couverture rigide ? Avec [site_name], l&#039;impression de livre \u00e0 couverture rigide est possible et facile ! Ce livre \u00e0 couverture rigide est fait pour r\u00e9sister \u00e0 l&#039;\u00e9preuve du temps. Avec ses mat\u00e9riaux de qualit\u00e9 et sa couverture rigide et r\u00e9sistante, vous pourrez ainsi montrer votre livre avec fiert\u00e9 \u00e0 votre famille, vos amis ou \u00e0 vos partenaires commerciaux. Vous avez le choix entre plusieurs tailles et types de papiers afin de cr\u00e9er le livre id\u00e9al qui r\u00e9pond \u00e0 vos besoins. Commandez le v\u00f4tre d\u00e8s maintenant !<br \/>\n&lt;br&gt;<br \/>\nNote : Un livre \u00e0 couverture rigide a des pages de garde avec une face avant et arri\u00e8re blanches, donc votre premi\u00e8re page commence \u00e0 droite. Si vous choisissez l&#039;option en niveaux de gris, seule la couverture sera en couleur.<br \/>\n&lt;br&gt;&lt;br&gt;<br \/>\nVous recherchez autre chose ? D\u00e9couvrez toute notre gamme de livrets, brochures et catalogues imprim\u00e9s !<\/p>\n","protected":false},"excerpt":{"rendered":"<p>Vous avez toujours voulu publier votre propre livre \u00e0 couverture rigide ? Avec [site_name], l&#039;impression de livre \u00e0 couverture rigide est possible et facile ! Ce livre \u00e0 couverture rigide est fait pour r\u00e9sister \u00e0 l&#039;\u00e9preuve du temps. Avec ses mat\u00e9riaux de qualit\u00e9 et sa couverture rigide et r\u00e9sistante, vous pourrez ainsi montrer votre livre [&hellip;]<\/p>\n","protected":false},"featured_media":3069,"comment_status":"open","ping_status":"closed","template":"","meta":[],"product_brand":[],"product_cat":[77],"product_tag":[],"class_list":{"0":"post-3068","1":"product","2":"type-product","3":"status-publish","4":"has-post-thumbnail","6":"product_cat-brochures","8":"first","9":"instock","10":"taxable","11":"shipping-taxable","12":"product-type-simple"},"_links":{"self":[{"href":"https:\/\/www.printings-n.com\/fr_fr\/wp-json\/wp\/v2\/product\/3068","targetHints":{"allow":["GET"]}}],"collection":[{"href":"https:\/\/www.printings-n.com\/fr_fr\/wp-json\/wp\/v2\/product"}],"about":[{"href":"https:\/\/www.printings-n.com\/fr_fr\/wp-json\/wp\/v2\/types\/product"}],"replies":[{"embeddable":true,"href":"https:\/\/www.printings-n.com\/fr_fr\/wp-json\/wp\/v2\/comments?post=3068"}],"wp:featuredmedia":[{"embeddable":true,"href":"https:\/\/www.printings-n.com\/fr_fr\/wp-json\/wp\/v2\/media\/3069"}],"wp:attachment":[{"href":"https:\/\/www.printings-n.com\/fr_fr\/wp-json\/wp\/v2\/media?parent=3068"}],"wp:term":[{"taxonomy":"product_brand","embeddable":true,"href":"https:\/\/www.printings-n.com\/fr_fr\/wp-json\/wp\/v2\/product_brand?post=3068"},{"taxonomy":"product_cat","embeddable":true,"href":"https:\/\/www.printings-n.com\/fr_fr\/wp-json\/wp\/v2\/product_cat?post=3068"},{"taxonomy":"product_tag","embeddable":true,"href":"https:\/\/www.printings-n.com\/fr_fr\/wp-json\/wp\/v2\/product_tag?post=3068"}],"curies":[{"name":"wp","href":"https:\/\/api.w.org\/{rel}","templated":true}]}}