{"id":3056,"date":"2024-11-30T22:48:49","date_gmt":"2024-11-30T22:48:49","guid":{"rendered":"https:\/\/www.printings-n.com\/produit\/affiche-photo-personnalisee-postersphotoquality\/"},"modified":"2024-11-30T22:48:50","modified_gmt":"2024-11-30T22:48:50","slug":"affiche-photo-personnalisee-postersphotoquality","status":"publish","type":"product","link":"https:\/\/www.printings-n.com\/fr_fr\/produit\/affiche-photo-personnalisee-postersphotoquality\/","title":{"rendered":"Affiche photo personnalis\u00e9e"},"content":{"rendered":"<p>La qualit\u00e9 brillante et lisse de cette affiche en fait la surface id\u00e9ale pour imprimer vos photos de tous les jours.<br \/>\n&lt;br&gt;&lt;br&gt;<br \/>\nNote: le kit de suspension n&#039;est pas inclus. Vous recherchez un autre format ? Consultez nos affiches et posters classiques<\/p>\n","protected":false},"excerpt":{"rendered":"<p>La qualit\u00e9 brillante et lisse de cette affiche en fait la surface id\u00e9ale pour imprimer vos photos de tous les jours. &lt;br&gt;&lt;br&gt; Note: le kit de suspension n&#039;est pas inclus. Vous recherchez un autre format ? Consultez nos affiches et posters classiques<\/p>\n","protected":false},"featured_media":3057,"comment_status":"open","ping_status":"closed","template":"","meta":[],"product_brand":[],"product_cat":[75],"product_tag":[],"class_list":{"0":"post-3056","1":"product","2":"type-product","3":"status-publish","4":"has-post-thumbnail","6":"product_cat-affiches","8":"first","9":"instock","10":"taxable","11":"shipping-taxable","12":"product-type-simple"},"_links":{"self":[{"href":"https:\/\/www.printings-n.com\/fr_fr\/wp-json\/wp\/v2\/product\/3056","targetHints":{"allow":["GET"]}}],"collection":[{"href":"https:\/\/www.printings-n.com\/fr_fr\/wp-json\/wp\/v2\/product"}],"about":[{"href":"https:\/\/www.printings-n.com\/fr_fr\/wp-json\/wp\/v2\/types\/product"}],"replies":[{"embeddable":true,"href":"https:\/\/www.printings-n.com\/fr_fr\/wp-json\/wp\/v2\/comments?post=3056"}],"wp:featuredmedia":[{"embeddable":true,"href":"https:\/\/www.printings-n.com\/fr_fr\/wp-json\/wp\/v2\/media\/3057"}],"wp:attachment":[{"href":"https:\/\/www.printings-n.com\/fr_fr\/wp-json\/wp\/v2\/media?parent=3056"}],"wp:term":[{"taxonomy":"product_brand","embeddable":true,"href":"https:\/\/www.printings-n.com\/fr_fr\/wp-json\/wp\/v2\/product_brand?post=3056"},{"taxonomy":"product_cat","embeddable":true,"href":"https:\/\/www.printings-n.com\/fr_fr\/wp-json\/wp\/v2\/product_cat?post=3056"},{"taxonomy":"product_tag","embeddable":true,"href":"https:\/\/www.printings-n.com\/fr_fr\/wp-json\/wp\/v2\/product_tag?post=3056"}],"curies":[{"name":"wp","href":"https:\/\/api.w.org\/{rel}","templated":true}]}}