{"id":3048,"date":"2024-11-30T22:48:27","date_gmt":"2024-11-30T22:48:27","guid":{"rendered":"https:\/\/www.printings-n.com\/produit\/affiches-waterproof-posterswaterresistant\/"},"modified":"2024-11-30T22:48:28","modified_gmt":"2024-11-30T22:48:28","slug":"affiches-waterproof-posterswaterresistant","status":"publish","type":"product","link":"https:\/\/www.printings-n.com\/fr_fr\/produit\/affiches-waterproof-posterswaterresistant\/","title":{"rendered":"Affiches waterproof"},"content":{"rendered":"<p>Les affiches ext\u00e9rieures imperm\u00e9ables ont une finition sp\u00e9ciale r\u00e9sistante \u00e0 l&#039;eau. Elles sont fabriqu\u00e9es \u00e0 partir de papier PVC imperm\u00e9able de 170 g, plus \u00e9pais que les autres papiers utilis\u00e9s. Cela en fait un support de communication id\u00e9al pour une publicit\u00e9 \u00e0 long terme, qui sera capable de r\u00e9sister \u00e0 une m\u00e9t\u00e9o capricieuse m\u00eame dans le cas d&#039;un affichage a l&#039;ext\u00e9rieur.<\/p>\n","protected":false},"excerpt":{"rendered":"<p>Les affiches ext\u00e9rieures imperm\u00e9ables ont une finition sp\u00e9ciale r\u00e9sistante \u00e0 l&#039;eau. Elles sont fabriqu\u00e9es \u00e0 partir de papier PVC imperm\u00e9able de 170 g, plus \u00e9pais que les autres papiers utilis\u00e9s. Cela en fait un support de communication id\u00e9al pour une publicit\u00e9 \u00e0 long terme, qui sera capable de r\u00e9sister \u00e0 une m\u00e9t\u00e9o capricieuse m\u00eame dans [&hellip;]<\/p>\n","protected":false},"featured_media":3049,"comment_status":"open","ping_status":"closed","template":"","meta":[],"product_brand":[],"product_cat":[75],"product_tag":[],"class_list":{"0":"post-3048","1":"product","2":"type-product","3":"status-publish","4":"has-post-thumbnail","6":"product_cat-affiches","8":"first","9":"instock","10":"taxable","11":"shipping-taxable","12":"product-type-simple"},"_links":{"self":[{"href":"https:\/\/www.printings-n.com\/fr_fr\/wp-json\/wp\/v2\/product\/3048","targetHints":{"allow":["GET"]}}],"collection":[{"href":"https:\/\/www.printings-n.com\/fr_fr\/wp-json\/wp\/v2\/product"}],"about":[{"href":"https:\/\/www.printings-n.com\/fr_fr\/wp-json\/wp\/v2\/types\/product"}],"replies":[{"embeddable":true,"href":"https:\/\/www.printings-n.com\/fr_fr\/wp-json\/wp\/v2\/comments?post=3048"}],"wp:featuredmedia":[{"embeddable":true,"href":"https:\/\/www.printings-n.com\/fr_fr\/wp-json\/wp\/v2\/media\/3049"}],"wp:attachment":[{"href":"https:\/\/www.printings-n.com\/fr_fr\/wp-json\/wp\/v2\/media?parent=3048"}],"wp:term":[{"taxonomy":"product_brand","embeddable":true,"href":"https:\/\/www.printings-n.com\/fr_fr\/wp-json\/wp\/v2\/product_brand?post=3048"},{"taxonomy":"product_cat","embeddable":true,"href":"https:\/\/www.printings-n.com\/fr_fr\/wp-json\/wp\/v2\/product_cat?post=3048"},{"taxonomy":"product_tag","embeddable":true,"href":"https:\/\/www.printings-n.com\/fr_fr\/wp-json\/wp\/v2\/product_tag?post=3048"}],"curies":[{"name":"wp","href":"https:\/\/api.w.org\/{rel}","templated":true}]}}