{"id":3046,"date":"2024-11-30T22:48:20","date_gmt":"2024-11-30T22:48:20","guid":{"rendered":"https:\/\/www.printings-n.com\/produit\/posters-autocollants-posterssticky\/"},"modified":"2024-11-30T22:48:21","modified_gmt":"2024-11-30T22:48:21","slug":"posters-autocollants-posterssticky","status":"publish","type":"product","link":"https:\/\/www.printings-n.com\/fr_fr\/produit\/posters-autocollants-posterssticky\/","title":{"rendered":"Posters autocollants"},"content":{"rendered":"<p>Les posters autocollants sont tr\u00e8s appr\u00e9ci\u00e9s pour leur facilit\u00e9 d&#039;application. Avec leur couche adh\u00e9sive au verso, vous pourrez alors afficher votre message publicitaire sur toutes les surfaces s\u00e8ches et planes. En conservant la couche protectrice de l&#039;adh\u00e9sif, vous serez en mesure de conserver durablement vos posters autocollants et ainsi les repositionner autant de fois que vous le souhaitez. Ces affiches autocollantes \u00e0 personnaliser peuvent \u00eatre utilis\u00e9es aussi bien \u00e0 l&#039;int\u00e9rieur qu&#039;\u00e0 l&#039;ext\u00e9rieur.<\/p>\n","protected":false},"excerpt":{"rendered":"<p>Les posters autocollants sont tr\u00e8s appr\u00e9ci\u00e9s pour leur facilit\u00e9 d&#039;application. Avec leur couche adh\u00e9sive au verso, vous pourrez alors afficher votre message publicitaire sur toutes les surfaces s\u00e8ches et planes. En conservant la couche protectrice de l&#039;adh\u00e9sif, vous serez en mesure de conserver durablement vos posters autocollants et ainsi les repositionner autant de fois que [&hellip;]<\/p>\n","protected":false},"featured_media":3047,"comment_status":"open","ping_status":"closed","template":"","meta":[],"product_brand":[],"product_cat":[75],"product_tag":[],"class_list":{"0":"post-3046","1":"product","2":"type-product","3":"status-publish","4":"has-post-thumbnail","6":"product_cat-affiches","8":"first","9":"instock","10":"taxable","11":"shipping-taxable","12":"product-type-simple"},"_links":{"self":[{"href":"https:\/\/www.printings-n.com\/fr_fr\/wp-json\/wp\/v2\/product\/3046","targetHints":{"allow":["GET"]}}],"collection":[{"href":"https:\/\/www.printings-n.com\/fr_fr\/wp-json\/wp\/v2\/product"}],"about":[{"href":"https:\/\/www.printings-n.com\/fr_fr\/wp-json\/wp\/v2\/types\/product"}],"replies":[{"embeddable":true,"href":"https:\/\/www.printings-n.com\/fr_fr\/wp-json\/wp\/v2\/comments?post=3046"}],"wp:featuredmedia":[{"embeddable":true,"href":"https:\/\/www.printings-n.com\/fr_fr\/wp-json\/wp\/v2\/media\/3047"}],"wp:attachment":[{"href":"https:\/\/www.printings-n.com\/fr_fr\/wp-json\/wp\/v2\/media?parent=3046"}],"wp:term":[{"taxonomy":"product_brand","embeddable":true,"href":"https:\/\/www.printings-n.com\/fr_fr\/wp-json\/wp\/v2\/product_brand?post=3046"},{"taxonomy":"product_cat","embeddable":true,"href":"https:\/\/www.printings-n.com\/fr_fr\/wp-json\/wp\/v2\/product_cat?post=3046"},{"taxonomy":"product_tag","embeddable":true,"href":"https:\/\/www.printings-n.com\/fr_fr\/wp-json\/wp\/v2\/product_tag?post=3046"}],"curies":[{"name":"wp","href":"https:\/\/api.w.org\/{rel}","templated":true}]}}