{"id":3044,"date":"2024-11-30T22:48:12","date_gmt":"2024-11-30T22:48:12","guid":{"rendered":"https:\/\/www.printings-n.com\/produit\/affiches-sur-mesure-postersownsize\/"},"modified":"2024-11-30T22:48:12","modified_gmt":"2024-11-30T22:48:12","slug":"affiches-sur-mesure-postersownsize","status":"publish","type":"product","link":"https:\/\/www.printings-n.com\/fr_fr\/produit\/affiches-sur-mesure-postersownsize\/","title":{"rendered":"Affiches sur mesure"},"content":{"rendered":"<p>Impressionnez vos clients avec une affiche sur mesure digne de votre business. Avec ces affiches de taille personnalisable, vous pourrez d\u00e9corer n&#039;importe quel espace avec un design adapt\u00e9 \u00e0 chaque situation. Il vous suffit d&#039;entrer les dimensions dont vous avez besoin dans notre interface, de s\u00e9lectionner le mat\u00e9riau qui convient le mieux \u00e0 votre objectif et de transf\u00e9rer votre visuel ! Vous \u00eates ainsi certain que votre poster soit parfaitement adapt\u00e9 \u00e0 l&#039;endroit o\u00fb vous l&#039;exposerez !<\/p>\n","protected":false},"excerpt":{"rendered":"<p>Impressionnez vos clients avec une affiche sur mesure digne de votre business. Avec ces affiches de taille personnalisable, vous pourrez d\u00e9corer n&#039;importe quel espace avec un design adapt\u00e9 \u00e0 chaque situation. Il vous suffit d&#039;entrer les dimensions dont vous avez besoin dans notre interface, de s\u00e9lectionner le mat\u00e9riau qui convient le mieux \u00e0 votre objectif [&hellip;]<\/p>\n","protected":false},"featured_media":3045,"comment_status":"open","ping_status":"closed","template":"","meta":[],"product_brand":[],"product_cat":[75],"product_tag":[],"class_list":{"0":"post-3044","1":"product","2":"type-product","3":"status-publish","4":"has-post-thumbnail","6":"product_cat-affiches","8":"first","9":"instock","10":"taxable","11":"shipping-taxable","12":"product-type-simple"},"_links":{"self":[{"href":"https:\/\/www.printings-n.com\/fr_fr\/wp-json\/wp\/v2\/product\/3044","targetHints":{"allow":["GET"]}}],"collection":[{"href":"https:\/\/www.printings-n.com\/fr_fr\/wp-json\/wp\/v2\/product"}],"about":[{"href":"https:\/\/www.printings-n.com\/fr_fr\/wp-json\/wp\/v2\/types\/product"}],"replies":[{"embeddable":true,"href":"https:\/\/www.printings-n.com\/fr_fr\/wp-json\/wp\/v2\/comments?post=3044"}],"wp:featuredmedia":[{"embeddable":true,"href":"https:\/\/www.printings-n.com\/fr_fr\/wp-json\/wp\/v2\/media\/3045"}],"wp:attachment":[{"href":"https:\/\/www.printings-n.com\/fr_fr\/wp-json\/wp\/v2\/media?parent=3044"}],"wp:term":[{"taxonomy":"product_brand","embeddable":true,"href":"https:\/\/www.printings-n.com\/fr_fr\/wp-json\/wp\/v2\/product_brand?post=3044"},{"taxonomy":"product_cat","embeddable":true,"href":"https:\/\/www.printings-n.com\/fr_fr\/wp-json\/wp\/v2\/product_cat?post=3044"},{"taxonomy":"product_tag","embeddable":true,"href":"https:\/\/www.printings-n.com\/fr_fr\/wp-json\/wp\/v2\/product_tag?post=3044"}],"curies":[{"name":"wp","href":"https:\/\/api.w.org\/{rel}","templated":true}]}}