{"id":2975,"date":"2024-11-30T22:43:15","date_gmt":"2024-11-30T22:43:15","guid":{"rendered":"https:\/\/www.printings-n.com\/produit\/cartes-de-menu-a-pli-roule-menucardstrifold\/"},"modified":"2024-11-30T22:43:16","modified_gmt":"2024-11-30T22:43:16","slug":"cartes-de-menu-a-pli-roule-menucardstrifold","status":"publish","type":"product","link":"https:\/\/www.printings-n.com\/fr_fr\/produit\/cartes-de-menu-a-pli-roule-menucardstrifold\/","title":{"rendered":"Cartes de menu \u00e0 pli roul\u00e9"},"content":{"rendered":"<p>Les menus \u00e0 trois volets de [site_name] sont id\u00e9aux pour les bars et les restaurants. Remplissez jusqu&#039;\u00e0 6 pages avec votre s\u00e9lection de plats et de boissons gr\u00e2ce \u00e0 ces cartes de menu compactes. Nous vous proposons un large choix de mat\u00e9riaux, de tailles et de finitions, ainsi qu&#039;une option de livraison rapide, ce qui signifie que vous n&#039;aurez pas \u00e0 attendre longtemps avant d&#039;avoir en main nos menus triptyques personnalisables !<\/p>\n","protected":false},"excerpt":{"rendered":"<p>Les menus \u00e0 trois volets de [site_name] sont id\u00e9aux pour les bars et les restaurants. Remplissez jusqu&#039;\u00e0 6 pages avec votre s\u00e9lection de plats et de boissons gr\u00e2ce \u00e0 ces cartes de menu compactes. Nous vous proposons un large choix de mat\u00e9riaux, de tailles et de finitions, ainsi qu&#039;une option de livraison rapide, ce qui [&hellip;]<\/p>\n","protected":false},"featured_media":2976,"comment_status":"open","ping_status":"closed","template":"","meta":[],"product_brand":[],"product_cat":[74],"product_tag":[],"class_list":{"0":"post-2975","1":"product","2":"type-product","3":"status-publish","4":"has-post-thumbnail","6":"product_cat-hotellerie-restauration","8":"first","9":"instock","10":"taxable","11":"shipping-taxable","12":"product-type-simple"},"_links":{"self":[{"href":"https:\/\/www.printings-n.com\/fr_fr\/wp-json\/wp\/v2\/product\/2975","targetHints":{"allow":["GET"]}}],"collection":[{"href":"https:\/\/www.printings-n.com\/fr_fr\/wp-json\/wp\/v2\/product"}],"about":[{"href":"https:\/\/www.printings-n.com\/fr_fr\/wp-json\/wp\/v2\/types\/product"}],"replies":[{"embeddable":true,"href":"https:\/\/www.printings-n.com\/fr_fr\/wp-json\/wp\/v2\/comments?post=2975"}],"wp:featuredmedia":[{"embeddable":true,"href":"https:\/\/www.printings-n.com\/fr_fr\/wp-json\/wp\/v2\/media\/2976"}],"wp:attachment":[{"href":"https:\/\/www.printings-n.com\/fr_fr\/wp-json\/wp\/v2\/media?parent=2975"}],"wp:term":[{"taxonomy":"product_brand","embeddable":true,"href":"https:\/\/www.printings-n.com\/fr_fr\/wp-json\/wp\/v2\/product_brand?post=2975"},{"taxonomy":"product_cat","embeddable":true,"href":"https:\/\/www.printings-n.com\/fr_fr\/wp-json\/wp\/v2\/product_cat?post=2975"},{"taxonomy":"product_tag","embeddable":true,"href":"https:\/\/www.printings-n.com\/fr_fr\/wp-json\/wp\/v2\/product_tag?post=2975"}],"curies":[{"name":"wp","href":"https:\/\/api.w.org\/{rel}","templated":true}]}}