{"id":2965,"date":"2024-11-30T22:42:52","date_gmt":"2024-11-30T22:42:52","guid":{"rendered":"https:\/\/www.printings-n.com\/produit\/cartes-de-menu-en-forex-menucardsforex\/"},"modified":"2024-11-30T22:42:52","modified_gmt":"2024-11-30T22:42:52","slug":"cartes-de-menu-en-forex-menucardsforex","status":"publish","type":"product","link":"https:\/\/www.printings-n.com\/fr_fr\/produit\/cartes-de-menu-en-forex-menucardsforex\/","title":{"rendered":"Cartes de menu en forex"},"content":{"rendered":"<p>Les menus en forex de [site_name] sont une excellente alternative au papier et ne manqueront pas d&#039;attirer l&#039;attention de vos clients. Cette mousse robuste de 10 mm d&#039;\u00e9paisseur est durable, l\u00e9g\u00e8re et agr\u00e9able \u00e0 l&#039;\u0153il. Si vous cherchez \u00e0 faire bouger les choses dans votre restaurant et \u00e0 offrir une exp\u00e9rience unique, essayez nos menus en mousse forex !<\/p>\n","protected":false},"excerpt":{"rendered":"<p>Les menus en forex de [site_name] sont une excellente alternative au papier et ne manqueront pas d&#039;attirer l&#039;attention de vos clients. Cette mousse robuste de 10 mm d&#039;\u00e9paisseur est durable, l\u00e9g\u00e8re et agr\u00e9able \u00e0 l&#039;\u0153il. Si vous cherchez \u00e0 faire bouger les choses dans votre restaurant et \u00e0 offrir une exp\u00e9rience unique, essayez nos menus [&hellip;]<\/p>\n","protected":false},"featured_media":2966,"comment_status":"open","ping_status":"closed","template":"","meta":[],"product_brand":[],"product_cat":[74],"product_tag":[],"class_list":{"0":"post-2965","1":"product","2":"type-product","3":"status-publish","4":"has-post-thumbnail","6":"product_cat-hotellerie-restauration","8":"first","9":"instock","10":"taxable","11":"shipping-taxable","12":"product-type-simple"},"_links":{"self":[{"href":"https:\/\/www.printings-n.com\/fr_fr\/wp-json\/wp\/v2\/product\/2965","targetHints":{"allow":["GET"]}}],"collection":[{"href":"https:\/\/www.printings-n.com\/fr_fr\/wp-json\/wp\/v2\/product"}],"about":[{"href":"https:\/\/www.printings-n.com\/fr_fr\/wp-json\/wp\/v2\/types\/product"}],"replies":[{"embeddable":true,"href":"https:\/\/www.printings-n.com\/fr_fr\/wp-json\/wp\/v2\/comments?post=2965"}],"wp:featuredmedia":[{"embeddable":true,"href":"https:\/\/www.printings-n.com\/fr_fr\/wp-json\/wp\/v2\/media\/2966"}],"wp:attachment":[{"href":"https:\/\/www.printings-n.com\/fr_fr\/wp-json\/wp\/v2\/media?parent=2965"}],"wp:term":[{"taxonomy":"product_brand","embeddable":true,"href":"https:\/\/www.printings-n.com\/fr_fr\/wp-json\/wp\/v2\/product_brand?post=2965"},{"taxonomy":"product_cat","embeddable":true,"href":"https:\/\/www.printings-n.com\/fr_fr\/wp-json\/wp\/v2\/product_cat?post=2965"},{"taxonomy":"product_tag","embeddable":true,"href":"https:\/\/www.printings-n.com\/fr_fr\/wp-json\/wp\/v2\/product_tag?post=2965"}],"curies":[{"name":"wp","href":"https:\/\/api.w.org\/{rel}","templated":true}]}}