{"id":2957,"date":"2024-11-30T22:42:36","date_gmt":"2024-11-30T22:42:36","guid":{"rendered":"https:\/\/www.printings-n.com\/produit\/carafes-fines-1-litre-glassjug100\/"},"modified":"2024-11-30T22:42:36","modified_gmt":"2024-11-30T22:42:36","slug":"carafes-fines-1-litre-glassjug100","status":"publish","type":"product","link":"https:\/\/www.printings-n.com\/fr_fr\/produit\/carafes-fines-1-litre-glassjug100\/","title":{"rendered":"Carafes fines 1 litre"},"content":{"rendered":"<p>Id\u00e9ales pour pr\u00e9senter \u00e9l\u00e9gamment les boissons sur vos tables, les carafes fines 1 litre sont fabriqu\u00e9es avec un verre r\u00e9sistant au temps et au lave-vaisselle. Elles sont parfaitement adapt\u00e9s \u00e0 vos \u00e9v\u00e9nements personnelles tout comme pour vos \u00e9v\u00e9nements professionnels.<\/p>\n","protected":false},"excerpt":{"rendered":"<p>Id\u00e9ales pour pr\u00e9senter \u00e9l\u00e9gamment les boissons sur vos tables, les carafes fines 1 litre sont fabriqu\u00e9es avec un verre r\u00e9sistant au temps et au lave-vaisselle. Elles sont parfaitement adapt\u00e9s \u00e0 vos \u00e9v\u00e9nements personnelles tout comme pour vos \u00e9v\u00e9nements professionnels.<\/p>\n","protected":false},"featured_media":2958,"comment_status":"open","ping_status":"closed","template":"","meta":[],"product_brand":[],"product_cat":[74],"product_tag":[],"class_list":{"0":"post-2957","1":"product","2":"type-product","3":"status-publish","4":"has-post-thumbnail","6":"product_cat-hotellerie-restauration","8":"first","9":"instock","10":"taxable","11":"shipping-taxable","12":"product-type-simple"},"_links":{"self":[{"href":"https:\/\/www.printings-n.com\/fr_fr\/wp-json\/wp\/v2\/product\/2957","targetHints":{"allow":["GET"]}}],"collection":[{"href":"https:\/\/www.printings-n.com\/fr_fr\/wp-json\/wp\/v2\/product"}],"about":[{"href":"https:\/\/www.printings-n.com\/fr_fr\/wp-json\/wp\/v2\/types\/product"}],"replies":[{"embeddable":true,"href":"https:\/\/www.printings-n.com\/fr_fr\/wp-json\/wp\/v2\/comments?post=2957"}],"wp:featuredmedia":[{"embeddable":true,"href":"https:\/\/www.printings-n.com\/fr_fr\/wp-json\/wp\/v2\/media\/2958"}],"wp:attachment":[{"href":"https:\/\/www.printings-n.com\/fr_fr\/wp-json\/wp\/v2\/media?parent=2957"}],"wp:term":[{"taxonomy":"product_brand","embeddable":true,"href":"https:\/\/www.printings-n.com\/fr_fr\/wp-json\/wp\/v2\/product_brand?post=2957"},{"taxonomy":"product_cat","embeddable":true,"href":"https:\/\/www.printings-n.com\/fr_fr\/wp-json\/wp\/v2\/product_cat?post=2957"},{"taxonomy":"product_tag","embeddable":true,"href":"https:\/\/www.printings-n.com\/fr_fr\/wp-json\/wp\/v2\/product_tag?post=2957"}],"curies":[{"name":"wp","href":"https:\/\/api.w.org\/{rel}","templated":true}]}}