{"id":2955,"date":"2024-11-30T22:42:32","date_gmt":"2024-11-30T22:42:32","guid":{"rendered":"https:\/\/www.printings-n.com\/produit\/carafes-larges-75-cl-glassbottle75neos\/"},"modified":"2024-11-30T22:42:33","modified_gmt":"2024-11-30T22:42:33","slug":"carafes-larges-75-cl-glassbottle75neos","status":"publish","type":"product","link":"https:\/\/www.printings-n.com\/fr_fr\/produit\/carafes-larges-75-cl-glassbottle75neos\/","title":{"rendered":"Carafes larges 75 cl"},"content":{"rendered":"<p>Con\u00e7ues selon des processus de fabrication dernier cri, les carafes larges 75 cl sont id\u00e9ales pour un \u00e9v\u00e9nement qu&#039;il soit personnel ou professionnel tout comme pour la d\u00e9coration des tables de votre bar ou restaurant. Elles sont r\u00e9sistantes aux rayures et au lave-vaisselle pour que votre image soit toujours celle que vous souhaitez donner.<\/p>\n","protected":false},"excerpt":{"rendered":"<p>Con\u00e7ues selon des processus de fabrication dernier cri, les carafes larges 75 cl sont id\u00e9ales pour un \u00e9v\u00e9nement qu&#039;il soit personnel ou professionnel tout comme pour la d\u00e9coration des tables de votre bar ou restaurant. Elles sont r\u00e9sistantes aux rayures et au lave-vaisselle pour que votre image soit toujours celle que vous souhaitez donner.<\/p>\n","protected":false},"featured_media":2956,"comment_status":"open","ping_status":"closed","template":"","meta":[],"product_brand":[],"product_cat":[74],"product_tag":[],"class_list":{"0":"post-2955","1":"product","2":"type-product","3":"status-publish","4":"has-post-thumbnail","6":"product_cat-hotellerie-restauration","8":"first","9":"instock","10":"taxable","11":"shipping-taxable","12":"product-type-simple"},"_links":{"self":[{"href":"https:\/\/www.printings-n.com\/fr_fr\/wp-json\/wp\/v2\/product\/2955","targetHints":{"allow":["GET"]}}],"collection":[{"href":"https:\/\/www.printings-n.com\/fr_fr\/wp-json\/wp\/v2\/product"}],"about":[{"href":"https:\/\/www.printings-n.com\/fr_fr\/wp-json\/wp\/v2\/types\/product"}],"replies":[{"embeddable":true,"href":"https:\/\/www.printings-n.com\/fr_fr\/wp-json\/wp\/v2\/comments?post=2955"}],"wp:featuredmedia":[{"embeddable":true,"href":"https:\/\/www.printings-n.com\/fr_fr\/wp-json\/wp\/v2\/media\/2956"}],"wp:attachment":[{"href":"https:\/\/www.printings-n.com\/fr_fr\/wp-json\/wp\/v2\/media?parent=2955"}],"wp:term":[{"taxonomy":"product_brand","embeddable":true,"href":"https:\/\/www.printings-n.com\/fr_fr\/wp-json\/wp\/v2\/product_brand?post=2955"},{"taxonomy":"product_cat","embeddable":true,"href":"https:\/\/www.printings-n.com\/fr_fr\/wp-json\/wp\/v2\/product_cat?post=2955"},{"taxonomy":"product_tag","embeddable":true,"href":"https:\/\/www.printings-n.com\/fr_fr\/wp-json\/wp\/v2\/product_tag?post=2955"}],"curies":[{"name":"wp","href":"https:\/\/api.w.org\/{rel}","templated":true}]}}