{"id":2953,"date":"2024-11-30T22:42:29","date_gmt":"2024-11-30T22:42:29","guid":{"rendered":"https:\/\/www.printings-n.com\/produit\/bouteilles-carrees-a-bouchon-mecanique-glassbottle100squarecliplock\/"},"modified":"2024-11-30T22:42:29","modified_gmt":"2024-11-30T22:42:29","slug":"bouteilles-carrees-a-bouchon-mecanique-glassbottle100squarecliplock","status":"publish","type":"product","link":"https:\/\/www.printings-n.com\/fr_fr\/produit\/bouteilles-carrees-a-bouchon-mecanique-glassbottle100squarecliplock\/","title":{"rendered":"Bouteilles carr\u00e9es \u00e0 bouchon m\u00e9canique"},"content":{"rendered":"<p>D&#039;une contenance d&#039;un litre, les bouteilles carr\u00e9es \u00e0 bouchon m\u00e9canique sont tr\u00e8s utiles pour le transport ainsi que pour la conservation de vos boissons. Sur [site_name], vous pouvez tr\u00e8s facilement les imprimer avec votre logo pour vos \u00e9v\u00e9nements d&#039;entreprise ou pour votre \u00e9tablissement. Fabriqu\u00e9es avec des mat\u00e9riaux d&#039;excellente qualit\u00e9, les bouteilles carr\u00e9es \u00e0 bouchon m\u00e9canique sont r\u00e9sistantes au temps et repr\u00e9sentent ainsi un investissement de long terme.<\/p>\n","protected":false},"excerpt":{"rendered":"<p>D&#039;une contenance d&#039;un litre, les bouteilles carr\u00e9es \u00e0 bouchon m\u00e9canique sont tr\u00e8s utiles pour le transport ainsi que pour la conservation de vos boissons. Sur [site_name], vous pouvez tr\u00e8s facilement les imprimer avec votre logo pour vos \u00e9v\u00e9nements d&#039;entreprise ou pour votre \u00e9tablissement. Fabriqu\u00e9es avec des mat\u00e9riaux d&#039;excellente qualit\u00e9, les bouteilles carr\u00e9es \u00e0 bouchon m\u00e9canique [&hellip;]<\/p>\n","protected":false},"featured_media":2954,"comment_status":"open","ping_status":"closed","template":"","meta":[],"product_brand":[],"product_cat":[74],"product_tag":[],"class_list":{"0":"post-2953","1":"product","2":"type-product","3":"status-publish","4":"has-post-thumbnail","6":"product_cat-hotellerie-restauration","8":"first","9":"instock","10":"taxable","11":"shipping-taxable","12":"product-type-simple"},"_links":{"self":[{"href":"https:\/\/www.printings-n.com\/fr_fr\/wp-json\/wp\/v2\/product\/2953","targetHints":{"allow":["GET"]}}],"collection":[{"href":"https:\/\/www.printings-n.com\/fr_fr\/wp-json\/wp\/v2\/product"}],"about":[{"href":"https:\/\/www.printings-n.com\/fr_fr\/wp-json\/wp\/v2\/types\/product"}],"replies":[{"embeddable":true,"href":"https:\/\/www.printings-n.com\/fr_fr\/wp-json\/wp\/v2\/comments?post=2953"}],"wp:featuredmedia":[{"embeddable":true,"href":"https:\/\/www.printings-n.com\/fr_fr\/wp-json\/wp\/v2\/media\/2954"}],"wp:attachment":[{"href":"https:\/\/www.printings-n.com\/fr_fr\/wp-json\/wp\/v2\/media?parent=2953"}],"wp:term":[{"taxonomy":"product_brand","embeddable":true,"href":"https:\/\/www.printings-n.com\/fr_fr\/wp-json\/wp\/v2\/product_brand?post=2953"},{"taxonomy":"product_cat","embeddable":true,"href":"https:\/\/www.printings-n.com\/fr_fr\/wp-json\/wp\/v2\/product_cat?post=2953"},{"taxonomy":"product_tag","embeddable":true,"href":"https:\/\/www.printings-n.com\/fr_fr\/wp-json\/wp\/v2\/product_tag?post=2953"}],"curies":[{"name":"wp","href":"https:\/\/api.w.org\/{rel}","templated":true}]}}