{"id":2951,"date":"2024-11-30T22:42:25","date_gmt":"2024-11-30T22:42:25","guid":{"rendered":"https:\/\/www.printings-n.com\/produit\/bouteilles-rondes-a-bouchon-mecanique-glassbottle100roundcliplock\/"},"modified":"2024-11-30T22:42:26","modified_gmt":"2024-11-30T22:42:26","slug":"bouteilles-rondes-a-bouchon-mecanique-glassbottle100roundcliplock","status":"publish","type":"product","link":"https:\/\/www.printings-n.com\/fr_fr\/produit\/bouteilles-rondes-a-bouchon-mecanique-glassbottle100roundcliplock\/","title":{"rendered":"Bouteilles rondes \u00e0 bouchon m\u00e9canique"},"content":{"rendered":"<p>Avec leur bouchon m\u00e9canique facilement refermable, les bouteilles rondes d&#039;un litre sont extr\u00eamement pratiques pour le transport et la conservation de vos boissons lors d&#039;\u00e9v\u00e9nements ou au sein de votre \u00e9tablissement. Personnalisez vos bouteilles rondes \u00e0 bouchon m\u00e9canique avec votre logo en quelques clics seulement !<\/p>\n","protected":false},"excerpt":{"rendered":"<p>Avec leur bouchon m\u00e9canique facilement refermable, les bouteilles rondes d&#039;un litre sont extr\u00eamement pratiques pour le transport et la conservation de vos boissons lors d&#039;\u00e9v\u00e9nements ou au sein de votre \u00e9tablissement. Personnalisez vos bouteilles rondes \u00e0 bouchon m\u00e9canique avec votre logo en quelques clics seulement !<\/p>\n","protected":false},"featured_media":2952,"comment_status":"open","ping_status":"closed","template":"","meta":[],"product_brand":[],"product_cat":[74],"product_tag":[],"class_list":{"0":"post-2951","1":"product","2":"type-product","3":"status-publish","4":"has-post-thumbnail","6":"product_cat-hotellerie-restauration","8":"first","9":"instock","10":"taxable","11":"shipping-taxable","12":"product-type-simple"},"_links":{"self":[{"href":"https:\/\/www.printings-n.com\/fr_fr\/wp-json\/wp\/v2\/product\/2951","targetHints":{"allow":["GET"]}}],"collection":[{"href":"https:\/\/www.printings-n.com\/fr_fr\/wp-json\/wp\/v2\/product"}],"about":[{"href":"https:\/\/www.printings-n.com\/fr_fr\/wp-json\/wp\/v2\/types\/product"}],"replies":[{"embeddable":true,"href":"https:\/\/www.printings-n.com\/fr_fr\/wp-json\/wp\/v2\/comments?post=2951"}],"wp:featuredmedia":[{"embeddable":true,"href":"https:\/\/www.printings-n.com\/fr_fr\/wp-json\/wp\/v2\/media\/2952"}],"wp:attachment":[{"href":"https:\/\/www.printings-n.com\/fr_fr\/wp-json\/wp\/v2\/media?parent=2951"}],"wp:term":[{"taxonomy":"product_brand","embeddable":true,"href":"https:\/\/www.printings-n.com\/fr_fr\/wp-json\/wp\/v2\/product_brand?post=2951"},{"taxonomy":"product_cat","embeddable":true,"href":"https:\/\/www.printings-n.com\/fr_fr\/wp-json\/wp\/v2\/product_cat?post=2951"},{"taxonomy":"product_tag","embeddable":true,"href":"https:\/\/www.printings-n.com\/fr_fr\/wp-json\/wp\/v2\/product_tag?post=2951"}],"curies":[{"name":"wp","href":"https:\/\/api.w.org\/{rel}","templated":true}]}}