{"id":2945,"date":"2024-11-30T22:42:16","date_gmt":"2024-11-30T22:42:16","guid":{"rendered":"https:\/\/www.printings-n.com\/produit\/sous-verre-coasters\/"},"modified":"2024-11-30T22:42:17","modified_gmt":"2024-11-30T22:42:17","slug":"sous-verre-coasters","status":"publish","type":"product","link":"https:\/\/www.printings-n.com\/fr_fr\/produit\/sous-verre-coasters\/","title":{"rendered":"Dessous de verre personnalis\u00e9"},"content":{"rendered":"<p>Fini les traces sur vos tables ! Les sous verres personnalis\u00e9s de [site_name] sont \u00e0 la fois pratiques et cr\u00e9atifs &#8211; ils prot\u00e8gent votre table des taches et font la publicit\u00e9 de votre marque en m\u00eame temps. Nos sous verres personnalis\u00e9s garantissent une exp\u00e9rience unique de vos clients et font en sorte que votre bar\/restaurant se distingue de vos concurrents. &lt;br&gt;&lt;br&gt;<br \/>\nNote: En raison du mat\u00e9riau, les couleurs peuvent l\u00e9g\u00e8rement varier par rapport \u00e0 votre visuel. Si vous optez pour une impression recto-verso, il peut y avoir une l\u00e9g\u00e8re diff\u00e9rence de positionnement entre le recto et le verso.<\/p>\n","protected":false},"excerpt":{"rendered":"<p>Fini les traces sur vos tables ! Les sous verres personnalis\u00e9s de [site_name] sont \u00e0 la fois pratiques et cr\u00e9atifs &#8211; ils prot\u00e8gent votre table des taches et font la publicit\u00e9 de votre marque en m\u00eame temps. Nos sous verres personnalis\u00e9s garantissent une exp\u00e9rience unique de vos clients et font en sorte que votre bar\/restaurant [&hellip;]<\/p>\n","protected":false},"featured_media":2946,"comment_status":"open","ping_status":"closed","template":"","meta":[],"product_brand":[],"product_cat":[74],"product_tag":[],"class_list":{"0":"post-2945","1":"product","2":"type-product","3":"status-publish","4":"has-post-thumbnail","6":"product_cat-hotellerie-restauration","8":"first","9":"instock","10":"taxable","11":"shipping-taxable","12":"product-type-simple"},"_links":{"self":[{"href":"https:\/\/www.printings-n.com\/fr_fr\/wp-json\/wp\/v2\/product\/2945","targetHints":{"allow":["GET"]}}],"collection":[{"href":"https:\/\/www.printings-n.com\/fr_fr\/wp-json\/wp\/v2\/product"}],"about":[{"href":"https:\/\/www.printings-n.com\/fr_fr\/wp-json\/wp\/v2\/types\/product"}],"replies":[{"embeddable":true,"href":"https:\/\/www.printings-n.com\/fr_fr\/wp-json\/wp\/v2\/comments?post=2945"}],"wp:featuredmedia":[{"embeddable":true,"href":"https:\/\/www.printings-n.com\/fr_fr\/wp-json\/wp\/v2\/media\/2946"}],"wp:attachment":[{"href":"https:\/\/www.printings-n.com\/fr_fr\/wp-json\/wp\/v2\/media?parent=2945"}],"wp:term":[{"taxonomy":"product_brand","embeddable":true,"href":"https:\/\/www.printings-n.com\/fr_fr\/wp-json\/wp\/v2\/product_brand?post=2945"},{"taxonomy":"product_cat","embeddable":true,"href":"https:\/\/www.printings-n.com\/fr_fr\/wp-json\/wp\/v2\/product_cat?post=2945"},{"taxonomy":"product_tag","embeddable":true,"href":"https:\/\/www.printings-n.com\/fr_fr\/wp-json\/wp\/v2\/product_tag?post=2945"}],"curies":[{"name":"wp","href":"https:\/\/api.w.org\/{rel}","templated":true}]}}