{"id":2925,"date":"2024-11-30T22:41:45","date_gmt":"2024-11-30T22:41:45","guid":{"rendered":"https:\/\/www.printings-n.com\/produit\/verres-a-biere-19cl-glassbeer019\/"},"modified":"2024-11-30T22:41:45","modified_gmt":"2024-11-30T22:41:45","slug":"verres-a-biere-19cl-glassbeer019","status":"publish","type":"product","link":"https:\/\/www.printings-n.com\/fr_fr\/produit\/verres-a-biere-19cl-glassbeer019\/","title":{"rendered":"Verres \u00e0 bi\u00e8re 19cl"},"content":{"rendered":"<p>Parfaitement adapt\u00e9 pour les bi\u00e8res blondes, ce verre \u00e0 bi\u00e8re 19cl d&#039;[site_name] sera id\u00e9al pour votre \u00e9v\u00e9nement ou votre \u00e9tablissement. Verre d&#039;excellente qualit\u00e9 qui convient pour le passage au lave-vaisselle.<\/p>\n","protected":false},"excerpt":{"rendered":"<p>Parfaitement adapt\u00e9 pour les bi\u00e8res blondes, ce verre \u00e0 bi\u00e8re 19cl d&#039;[site_name] sera id\u00e9al pour votre \u00e9v\u00e9nement ou votre \u00e9tablissement. Verre d&#039;excellente qualit\u00e9 qui convient pour le passage au lave-vaisselle.<\/p>\n","protected":false},"featured_media":2926,"comment_status":"open","ping_status":"closed","template":"","meta":[],"product_brand":[],"product_cat":[74],"product_tag":[],"class_list":{"0":"post-2925","1":"product","2":"type-product","3":"status-publish","4":"has-post-thumbnail","6":"product_cat-hotellerie-restauration","8":"first","9":"instock","10":"taxable","11":"shipping-taxable","12":"product-type-simple"},"_links":{"self":[{"href":"https:\/\/www.printings-n.com\/fr_fr\/wp-json\/wp\/v2\/product\/2925","targetHints":{"allow":["GET"]}}],"collection":[{"href":"https:\/\/www.printings-n.com\/fr_fr\/wp-json\/wp\/v2\/product"}],"about":[{"href":"https:\/\/www.printings-n.com\/fr_fr\/wp-json\/wp\/v2\/types\/product"}],"replies":[{"embeddable":true,"href":"https:\/\/www.printings-n.com\/fr_fr\/wp-json\/wp\/v2\/comments?post=2925"}],"wp:featuredmedia":[{"embeddable":true,"href":"https:\/\/www.printings-n.com\/fr_fr\/wp-json\/wp\/v2\/media\/2926"}],"wp:attachment":[{"href":"https:\/\/www.printings-n.com\/fr_fr\/wp-json\/wp\/v2\/media?parent=2925"}],"wp:term":[{"taxonomy":"product_brand","embeddable":true,"href":"https:\/\/www.printings-n.com\/fr_fr\/wp-json\/wp\/v2\/product_brand?post=2925"},{"taxonomy":"product_cat","embeddable":true,"href":"https:\/\/www.printings-n.com\/fr_fr\/wp-json\/wp\/v2\/product_cat?post=2925"},{"taxonomy":"product_tag","embeddable":true,"href":"https:\/\/www.printings-n.com\/fr_fr\/wp-json\/wp\/v2\/product_tag?post=2925"}],"curies":[{"name":"wp","href":"https:\/\/api.w.org\/{rel}","templated":true}]}}