{"id":2919,"date":"2024-11-30T22:41:31","date_gmt":"2024-11-30T22:41:31","guid":{"rendered":"https:\/\/www.printings-n.com\/produit\/ballons-en-coeur-balloonsheart\/"},"modified":"2024-11-30T22:41:31","modified_gmt":"2024-11-30T22:41:31","slug":"ballons-en-coeur-balloonsheart","status":"publish","type":"product","link":"https:\/\/www.printings-n.com\/fr_fr\/produit\/ballons-en-coeur-balloonsheart\/","title":{"rendered":"Ballons en coeur"},"content":{"rendered":"<p>Exprimez votre amour avec nos ballons en forme de c\u0153ur qui attirent l&#039;attention. Choisissez parmi 3 couleurs et tailles et imprimez votre message ou logo sur le recto ou le verso du ballon. De plus, tous nos ballons sont fabriqu\u00e9s \u00e0 partir de latex naturel, un mat\u00e9riau renouvelable provenant de l&#039;h\u00e9v\u00e9a. Exprimez votre amour pour la plan\u00e8te et vos proches avec nos ballons en forme de c\u0153ur.&lt;br&gt;&lt;br&gt;<br \/>\nNote : Votre ballon sera de la couleur que vous ayez choisie, tandis que votre logo ou votre design sera imprim\u00e9 dans une couleur diff\u00e9rente, correspondant \u00e0 celle de votre fichier.<\/p>\n","protected":false},"excerpt":{"rendered":"<p>Exprimez votre amour avec nos ballons en forme de c\u0153ur qui attirent l&#039;attention. Choisissez parmi 3 couleurs et tailles et imprimez votre message ou logo sur le recto ou le verso du ballon. De plus, tous nos ballons sont fabriqu\u00e9s \u00e0 partir de latex naturel, un mat\u00e9riau renouvelable provenant de l&#039;h\u00e9v\u00e9a. Exprimez votre amour pour [&hellip;]<\/p>\n","protected":false},"featured_media":2920,"comment_status":"open","ping_status":"closed","template":"","meta":[],"product_brand":[],"product_cat":[74],"product_tag":[],"class_list":{"0":"post-2919","1":"product","2":"type-product","3":"status-publish","4":"has-post-thumbnail","6":"product_cat-hotellerie-restauration","8":"first","9":"instock","10":"taxable","11":"shipping-taxable","12":"product-type-simple"},"_links":{"self":[{"href":"https:\/\/www.printings-n.com\/fr_fr\/wp-json\/wp\/v2\/product\/2919","targetHints":{"allow":["GET"]}}],"collection":[{"href":"https:\/\/www.printings-n.com\/fr_fr\/wp-json\/wp\/v2\/product"}],"about":[{"href":"https:\/\/www.printings-n.com\/fr_fr\/wp-json\/wp\/v2\/types\/product"}],"replies":[{"embeddable":true,"href":"https:\/\/www.printings-n.com\/fr_fr\/wp-json\/wp\/v2\/comments?post=2919"}],"wp:featuredmedia":[{"embeddable":true,"href":"https:\/\/www.printings-n.com\/fr_fr\/wp-json\/wp\/v2\/media\/2920"}],"wp:attachment":[{"href":"https:\/\/www.printings-n.com\/fr_fr\/wp-json\/wp\/v2\/media?parent=2919"}],"wp:term":[{"taxonomy":"product_brand","embeddable":true,"href":"https:\/\/www.printings-n.com\/fr_fr\/wp-json\/wp\/v2\/product_brand?post=2919"},{"taxonomy":"product_cat","embeddable":true,"href":"https:\/\/www.printings-n.com\/fr_fr\/wp-json\/wp\/v2\/product_cat?post=2919"},{"taxonomy":"product_tag","embeddable":true,"href":"https:\/\/www.printings-n.com\/fr_fr\/wp-json\/wp\/v2\/product_tag?post=2919"}],"curies":[{"name":"wp","href":"https:\/\/api.w.org\/{rel}","templated":true}]}}