{"id":2903,"date":"2024-11-30T22:38:04","date_gmt":"2024-11-30T22:38:04","guid":{"rendered":"https:\/\/www.printings-n.com\/produit\/depliant-3-plis-roules-4-volets-foldedleafletsrollfold6pages\/"},"modified":"2024-11-30T22:38:05","modified_gmt":"2024-11-30T22:38:05","slug":"depliant-3-plis-roules-4-volets-foldedleafletsrollfold6pages","status":"publish","type":"product","link":"https:\/\/www.printings-n.com\/fr_fr\/produit\/depliant-3-plis-roules-4-volets-foldedleafletsrollfold6pages\/","title":{"rendered":"D\u00e9pliant 3 plis roul\u00e9s &#8211; 4 volets"},"content":{"rendered":"<p>Les d\u00e9pliants 3 plis roul\u00e9s- 4 volets sont un indispensable pour toute entreprise, association ou \u00e9cole souhaitant pr\u00e9senter clairement de nombreuses informations. Gr\u00e2ce aux nombreux types de papier disponibles, vous \u00eates certain de repr\u00e9senter fid\u00e8lement l&#039;image que vous souhaitez diffuser et obtenez ainsi une communication unique et remarquable. Le papier recycl\u00e9 80grs sera particuli\u00e8rement appr\u00e9ci\u00e9 des organisations souhaitant une publicit\u00e9 plus respectueuse de l&#039;environnement. Commandez d\u00e8s maintenant vos d\u00e9pliants 3 plis &#8211; 4 volets roul\u00e9s sur [site_name], la bonne impression tout simplement. <\/p>\n","protected":false},"excerpt":{"rendered":"<p>Les d\u00e9pliants 3 plis roul\u00e9s- 4 volets sont un indispensable pour toute entreprise, association ou \u00e9cole souhaitant pr\u00e9senter clairement de nombreuses informations. Gr\u00e2ce aux nombreux types de papier disponibles, vous \u00eates certain de repr\u00e9senter fid\u00e8lement l&#039;image que vous souhaitez diffuser et obtenez ainsi une communication unique et remarquable. Le papier recycl\u00e9 80grs sera particuli\u00e8rement appr\u00e9ci\u00e9 [&hellip;]<\/p>\n","protected":false},"featured_media":2904,"comment_status":"open","ping_status":"closed","template":"","meta":[],"product_brand":[],"product_cat":[73],"product_tag":[],"class_list":{"0":"post-2903","1":"product","2":"type-product","3":"status-publish","4":"has-post-thumbnail","6":"product_cat-depliants-plies","8":"first","9":"instock","10":"taxable","11":"shipping-taxable","12":"product-type-simple"},"_links":{"self":[{"href":"https:\/\/www.printings-n.com\/fr_fr\/wp-json\/wp\/v2\/product\/2903","targetHints":{"allow":["GET"]}}],"collection":[{"href":"https:\/\/www.printings-n.com\/fr_fr\/wp-json\/wp\/v2\/product"}],"about":[{"href":"https:\/\/www.printings-n.com\/fr_fr\/wp-json\/wp\/v2\/types\/product"}],"replies":[{"embeddable":true,"href":"https:\/\/www.printings-n.com\/fr_fr\/wp-json\/wp\/v2\/comments?post=2903"}],"wp:featuredmedia":[{"embeddable":true,"href":"https:\/\/www.printings-n.com\/fr_fr\/wp-json\/wp\/v2\/media\/2904"}],"wp:attachment":[{"href":"https:\/\/www.printings-n.com\/fr_fr\/wp-json\/wp\/v2\/media?parent=2903"}],"wp:term":[{"taxonomy":"product_brand","embeddable":true,"href":"https:\/\/www.printings-n.com\/fr_fr\/wp-json\/wp\/v2\/product_brand?post=2903"},{"taxonomy":"product_cat","embeddable":true,"href":"https:\/\/www.printings-n.com\/fr_fr\/wp-json\/wp\/v2\/product_cat?post=2903"},{"taxonomy":"product_tag","embeddable":true,"href":"https:\/\/www.printings-n.com\/fr_fr\/wp-json\/wp\/v2\/product_tag?post=2903"}],"curies":[{"name":"wp","href":"https:\/\/api.w.org\/{rel}","templated":true}]}}