{"id":2899,"date":"2024-11-30T22:36:21","date_gmt":"2024-11-30T22:36:21","guid":{"rendered":"https:\/\/www.printings-n.com\/produit\/cartes-de-visite-a-tranche-coloree-businesscardsmultilayer810\/"},"modified":"2024-11-30T22:36:21","modified_gmt":"2024-11-30T22:36:21","slug":"cartes-de-visite-a-tranche-coloree-businesscardsmultilayer810","status":"publish","type":"product","link":"https:\/\/www.printings-n.com\/fr_fr\/produit\/cartes-de-visite-a-tranche-coloree-businesscardsmultilayer810\/","title":{"rendered":"Cartes de visite \u00e0 tranche color\u00e9e"},"content":{"rendered":"<p>Les cartes de visite \u00e0 tranche color\u00e9e sont con\u00e7ues gr\u00e2ce \u00e0 une technique incroyable qui permet de combiner plusieurs couches de papier 810 g. La magie se produit sur la couche interm\u00e9diaire o\u00f9 les couleurs vives sont combin\u00e9es pour cr\u00e9er des cartes de visite multi-couches totalement uniques. Jouez avec les couleurs et le pelliculage afin de cr\u00e9er un produit de luxe, solide au toucher et intriguant de par sa qualit\u00e9 haut de gamme.<\/p>\n","protected":false},"excerpt":{"rendered":"<p>Les cartes de visite \u00e0 tranche color\u00e9e sont con\u00e7ues gr\u00e2ce \u00e0 une technique incroyable qui permet de combiner plusieurs couches de papier 810 g. La magie se produit sur la couche interm\u00e9diaire o\u00f9 les couleurs vives sont combin\u00e9es pour cr\u00e9er des cartes de visite multi-couches totalement uniques. Jouez avec les couleurs et le pelliculage afin [&hellip;]<\/p>\n","protected":false},"featured_media":2900,"comment_status":"open","ping_status":"closed","template":"","meta":[],"product_brand":[],"product_cat":[72],"product_tag":[],"class_list":{"0":"post-2899","1":"product","2":"type-product","3":"status-publish","4":"has-post-thumbnail","6":"product_cat-cartes-de-visite","8":"first","9":"instock","10":"taxable","11":"shipping-taxable","12":"product-type-simple"},"_links":{"self":[{"href":"https:\/\/www.printings-n.com\/fr_fr\/wp-json\/wp\/v2\/product\/2899","targetHints":{"allow":["GET"]}}],"collection":[{"href":"https:\/\/www.printings-n.com\/fr_fr\/wp-json\/wp\/v2\/product"}],"about":[{"href":"https:\/\/www.printings-n.com\/fr_fr\/wp-json\/wp\/v2\/types\/product"}],"replies":[{"embeddable":true,"href":"https:\/\/www.printings-n.com\/fr_fr\/wp-json\/wp\/v2\/comments?post=2899"}],"wp:featuredmedia":[{"embeddable":true,"href":"https:\/\/www.printings-n.com\/fr_fr\/wp-json\/wp\/v2\/media\/2900"}],"wp:attachment":[{"href":"https:\/\/www.printings-n.com\/fr_fr\/wp-json\/wp\/v2\/media?parent=2899"}],"wp:term":[{"taxonomy":"product_brand","embeddable":true,"href":"https:\/\/www.printings-n.com\/fr_fr\/wp-json\/wp\/v2\/product_brand?post=2899"},{"taxonomy":"product_cat","embeddable":true,"href":"https:\/\/www.printings-n.com\/fr_fr\/wp-json\/wp\/v2\/product_cat?post=2899"},{"taxonomy":"product_tag","embeddable":true,"href":"https:\/\/www.printings-n.com\/fr_fr\/wp-json\/wp\/v2\/product_tag?post=2899"}],"curies":[{"name":"wp","href":"https:\/\/api.w.org\/{rel}","templated":true}]}}