{"id":2895,"date":"2024-11-30T22:36:11","date_gmt":"2024-11-30T22:36:11","guid":{"rendered":"https:\/\/www.printings-n.com\/produit\/cartes-de-visite-en-plastique-blanc-pvc-businesscardswhitepvc\/"},"modified":"2024-11-30T22:36:12","modified_gmt":"2024-11-30T22:36:12","slug":"cartes-de-visite-en-plastique-blanc-pvc-businesscardswhitepvc","status":"publish","type":"product","link":"https:\/\/www.printings-n.com\/fr_fr\/produit\/cartes-de-visite-en-plastique-blanc-pvc-businesscardswhitepvc\/","title":{"rendered":"Cartes de visite en plastique blanc (PVC)"},"content":{"rendered":"<p>Les cartes de visite en plastique blanc PVC sont bien plus durables que les cartes qui utilisent un papier normal. Ce type de mat\u00e9riau rend les cartes de visites en plastique r\u00e9sistantes tout en restant souple, parfait pour qu&#039;elles soient gliss\u00e9es dans un porte-feuille sans \u00eatre ab\u00eem\u00e9es ce qui les rend r\u00e9utilisables.<\/p>\n","protected":false},"excerpt":{"rendered":"<p>Les cartes de visite en plastique blanc PVC sont bien plus durables que les cartes qui utilisent un papier normal. Ce type de mat\u00e9riau rend les cartes de visites en plastique r\u00e9sistantes tout en restant souple, parfait pour qu&#039;elles soient gliss\u00e9es dans un porte-feuille sans \u00eatre ab\u00eem\u00e9es ce qui les rend r\u00e9utilisables.<\/p>\n","protected":false},"featured_media":2896,"comment_status":"open","ping_status":"closed","template":"","meta":[],"product_brand":[],"product_cat":[72],"product_tag":[],"class_list":{"0":"post-2895","1":"product","2":"type-product","3":"status-publish","4":"has-post-thumbnail","6":"product_cat-cartes-de-visite","8":"first","9":"instock","10":"taxable","11":"shipping-taxable","12":"product-type-simple"},"_links":{"self":[{"href":"https:\/\/www.printings-n.com\/fr_fr\/wp-json\/wp\/v2\/product\/2895","targetHints":{"allow":["GET"]}}],"collection":[{"href":"https:\/\/www.printings-n.com\/fr_fr\/wp-json\/wp\/v2\/product"}],"about":[{"href":"https:\/\/www.printings-n.com\/fr_fr\/wp-json\/wp\/v2\/types\/product"}],"replies":[{"embeddable":true,"href":"https:\/\/www.printings-n.com\/fr_fr\/wp-json\/wp\/v2\/comments?post=2895"}],"wp:featuredmedia":[{"embeddable":true,"href":"https:\/\/www.printings-n.com\/fr_fr\/wp-json\/wp\/v2\/media\/2896"}],"wp:attachment":[{"href":"https:\/\/www.printings-n.com\/fr_fr\/wp-json\/wp\/v2\/media?parent=2895"}],"wp:term":[{"taxonomy":"product_brand","embeddable":true,"href":"https:\/\/www.printings-n.com\/fr_fr\/wp-json\/wp\/v2\/product_brand?post=2895"},{"taxonomy":"product_cat","embeddable":true,"href":"https:\/\/www.printings-n.com\/fr_fr\/wp-json\/wp\/v2\/product_cat?post=2895"},{"taxonomy":"product_tag","embeddable":true,"href":"https:\/\/www.printings-n.com\/fr_fr\/wp-json\/wp\/v2\/product_tag?post=2895"}],"curies":[{"name":"wp","href":"https:\/\/api.w.org\/{rel}","templated":true}]}}