{"id":2885,"date":"2024-11-30T22:35:54","date_gmt":"2024-11-30T22:35:54","guid":{"rendered":"https:\/\/www.printings-n.com\/produit\/cartes-pvc-avec-bande-magnetique-hico-businesscardspvcwhitehicomagneticstrip\/"},"modified":"2024-11-30T22:35:55","modified_gmt":"2024-11-30T22:35:55","slug":"cartes-pvc-avec-bande-magnetique-hico-businesscardspvcwhitehicomagneticstrip","status":"publish","type":"product","link":"https:\/\/www.printings-n.com\/fr_fr\/produit\/cartes-pvc-avec-bande-magnetique-hico-businesscardspvcwhitehicomagneticstrip\/","title":{"rendered":"Cartes PVC avec bande magn\u00e9tique HiCo"},"content":{"rendered":"<p>Ces cartes \u00e0 bande magn\u00e9tique sont con\u00e7ues en PVC blanc ultra r\u00e9sistant et peuvent \u00eatre compar\u00e9es \u00e0 une carte bancaire. Les cartes en PVC avec une bande magn\u00e9tique HiCo sont id\u00e9ales si les donn\u00e9es stock\u00e9es sur la carte ont une longue dur\u00e9e de vie ou n&#039;ont pas besoin d&#039;\u00eatre souvent modifi\u00e9es. En effet, leur champ magn\u00e9tique \u00e9tant plus fort que celui des cartes LoCo, les cartes \u00e0 bande magn\u00e9tique HiCo sont la plupart du temps utilis\u00e9 pour des applications \u00e0 long terme ou bien n\u00e9cessitant plus de s\u00e9curit\u00e9. Elles sont id\u00e9ales comme pass d&#039;entr\u00e9e pour les entreprises, h\u00f4tels, \u00e9coles ou bien comme carte de fid\u00e9lit\u00e9.<br \/>\n&lt;br&gt;<br \/>\nNote : Les cartes PVC HiCo et LoCo doivent \u00eatre activ\u00e9es par vous-m\u00eame et sont adapt\u00e9es \u00e0 diff\u00e9rents syst\u00e8mes. Veuillez vous renseigner aupr\u00e8s de votre administrateur avant de passer commande.<\/p>\n","protected":false},"excerpt":{"rendered":"<p>Ces cartes \u00e0 bande magn\u00e9tique sont con\u00e7ues en PVC blanc ultra r\u00e9sistant et peuvent \u00eatre compar\u00e9es \u00e0 une carte bancaire. Les cartes en PVC avec une bande magn\u00e9tique HiCo sont id\u00e9ales si les donn\u00e9es stock\u00e9es sur la carte ont une longue dur\u00e9e de vie ou n&#039;ont pas besoin d&#039;\u00eatre souvent modifi\u00e9es. En effet, leur champ [&hellip;]<\/p>\n","protected":false},"featured_media":2886,"comment_status":"open","ping_status":"closed","template":"","meta":[],"product_brand":[],"product_cat":[72],"product_tag":[],"class_list":{"0":"post-2885","1":"product","2":"type-product","3":"status-publish","4":"has-post-thumbnail","6":"product_cat-cartes-de-visite","8":"first","9":"instock","10":"taxable","11":"shipping-taxable","12":"product-type-simple"},"_links":{"self":[{"href":"https:\/\/www.printings-n.com\/fr_fr\/wp-json\/wp\/v2\/product\/2885","targetHints":{"allow":["GET"]}}],"collection":[{"href":"https:\/\/www.printings-n.com\/fr_fr\/wp-json\/wp\/v2\/product"}],"about":[{"href":"https:\/\/www.printings-n.com\/fr_fr\/wp-json\/wp\/v2\/types\/product"}],"replies":[{"embeddable":true,"href":"https:\/\/www.printings-n.com\/fr_fr\/wp-json\/wp\/v2\/comments?post=2885"}],"wp:featuredmedia":[{"embeddable":true,"href":"https:\/\/www.printings-n.com\/fr_fr\/wp-json\/wp\/v2\/media\/2886"}],"wp:attachment":[{"href":"https:\/\/www.printings-n.com\/fr_fr\/wp-json\/wp\/v2\/media?parent=2885"}],"wp:term":[{"taxonomy":"product_brand","embeddable":true,"href":"https:\/\/www.printings-n.com\/fr_fr\/wp-json\/wp\/v2\/product_brand?post=2885"},{"taxonomy":"product_cat","embeddable":true,"href":"https:\/\/www.printings-n.com\/fr_fr\/wp-json\/wp\/v2\/product_cat?post=2885"},{"taxonomy":"product_tag","embeddable":true,"href":"https:\/\/www.printings-n.com\/fr_fr\/wp-json\/wp\/v2\/product_tag?post=2885"}],"curies":[{"name":"wp","href":"https:\/\/api.w.org\/{rel}","templated":true}]}}