{"id":2881,"date":"2024-11-30T22:35:44","date_gmt":"2024-11-30T22:35:44","guid":{"rendered":"https:\/\/www.printings-n.com\/produit\/cartes-de-visite-avec-finitions-luxueuses-businesscardsexclusivefinishing\/"},"modified":"2024-11-30T22:35:45","modified_gmt":"2024-11-30T22:35:45","slug":"cartes-de-visite-avec-finitions-luxueuses-businesscardsexclusivefinishing","status":"publish","type":"product","link":"https:\/\/www.printings-n.com\/fr_fr\/produit\/cartes-de-visite-avec-finitions-luxueuses-businesscardsexclusivefinishing\/","title":{"rendered":"Cartes de visite avec finitions luxueuses"},"content":{"rendered":"<p>Pour faire bonne impression, optez pour une finition exclusive de vos cartes de visite. Choisissez la finition vernis s\u00e9lectif si vous souhaitez mettre subtilement en valeur une partie de votre design. Choisissez parmi une large gamme de dorures : or, argent, cuivre et or rose pour une touche distinctive. En revanche, si vous recherchez des finitions plus extravagantes, optez pour les dorures disco  ou l&#039;arc-en-ciel.&lt;br&gt;&lt;br&gt;<\/p>\n<p>Note: La finition exclusive ne peut \u00eatre appliqu\u00e9e que sur des zones sp\u00e9cifiques, par exemple les logos et les textes, et ne peut \u00eatre imprim\u00e9e que sur 50 % de la carte. Consultez les specifications et les gabarits avant de soumettre votre fichier. <\/p>\n","protected":false},"excerpt":{"rendered":"<p>Pour faire bonne impression, optez pour une finition exclusive de vos cartes de visite. Choisissez la finition vernis s\u00e9lectif si vous souhaitez mettre subtilement en valeur une partie de votre design. Choisissez parmi une large gamme de dorures : or, argent, cuivre et or rose pour une touche distinctive. En revanche, si vous recherchez des [&hellip;]<\/p>\n","protected":false},"featured_media":2882,"comment_status":"open","ping_status":"closed","template":"","meta":[],"product_brand":[],"product_cat":[72],"product_tag":[],"class_list":{"0":"post-2881","1":"product","2":"type-product","3":"status-publish","4":"has-post-thumbnail","6":"product_cat-cartes-de-visite","8":"first","9":"instock","10":"taxable","11":"shipping-taxable","12":"product-type-simple"},"_links":{"self":[{"href":"https:\/\/www.printings-n.com\/fr_fr\/wp-json\/wp\/v2\/product\/2881","targetHints":{"allow":["GET"]}}],"collection":[{"href":"https:\/\/www.printings-n.com\/fr_fr\/wp-json\/wp\/v2\/product"}],"about":[{"href":"https:\/\/www.printings-n.com\/fr_fr\/wp-json\/wp\/v2\/types\/product"}],"replies":[{"embeddable":true,"href":"https:\/\/www.printings-n.com\/fr_fr\/wp-json\/wp\/v2\/comments?post=2881"}],"wp:featuredmedia":[{"embeddable":true,"href":"https:\/\/www.printings-n.com\/fr_fr\/wp-json\/wp\/v2\/media\/2882"}],"wp:attachment":[{"href":"https:\/\/www.printings-n.com\/fr_fr\/wp-json\/wp\/v2\/media?parent=2881"}],"wp:term":[{"taxonomy":"product_brand","embeddable":true,"href":"https:\/\/www.printings-n.com\/fr_fr\/wp-json\/wp\/v2\/product_brand?post=2881"},{"taxonomy":"product_cat","embeddable":true,"href":"https:\/\/www.printings-n.com\/fr_fr\/wp-json\/wp\/v2\/product_cat?post=2881"},{"taxonomy":"product_tag","embeddable":true,"href":"https:\/\/www.printings-n.com\/fr_fr\/wp-json\/wp\/v2\/product_tag?post=2881"}],"curies":[{"name":"wp","href":"https:\/\/api.w.org\/{rel}","templated":true}]}}