{"id":5191,"date":"2024-12-01T18:14:50","date_gmt":"2024-12-01T18:14:50","guid":{"rendered":"https:\/\/www.printings-n.com\/produit\/cles-usb-creditcard-usbcreditcard-2\/"},"modified":"2024-12-01T18:14:50","modified_gmt":"2024-12-01T18:14:50","slug":"usb-creditcard-keys-usbcreditcard-2","status":"publish","type":"product","link":"https:\/\/www.printings-n.com\/es\/producto\/usb-creditcard-keys-usbcreditcard-2\/","title":{"rendered":"Tarjetas de cr\u00e9dito Llaves USB"},"content":{"rendered":"<p>Las memorias USB Creditcard son ultrafinas, pueden imprimirse con un \u00e1rea de impresi\u00f3n de 100% y tienen el tama\u00f1o de una tarjeta de cr\u00e9dito est\u00e1ndar. El anverso y el reverso pueden imprimirse en cuatricrom\u00eda de alta calidad. Tambi\u00e9n se pueden hacer impresiones individuales y son excelentes tarjetas de visita.<\/p>","protected":false},"excerpt":{"rendered":"<p>Las memorias USB Creditcard son ultrafinas, pueden imprimirse con un \u00e1rea de impresi\u00f3n de 100% y tienen el tama\u00f1o de una tarjeta de cr\u00e9dito est\u00e1ndar. El anverso y el reverso pueden imprimirse en cuatricrom\u00eda de alta calidad. Tambi\u00e9n se pueden hacer impresiones individuales y son excelentes tarjetas de visita.<\/p>","protected":false},"featured_media":5192,"comment_status":"open","ping_status":"closed","template":"","meta":[],"product_brand":[],"product_cat":[128],"product_tag":[],"class_list":{"0":"post-5191","1":"product","2":"type-product","3":"status-publish","4":"has-post-thumbnail","6":"product_cat-cles-usb","8":"first","9":"instock","10":"taxable","11":"shipping-taxable","12":"product-type-simple"},"_links":{"self":[{"href":"https:\/\/www.printings-n.com\/es\/wp-json\/wp\/v2\/product\/5191","targetHints":{"allow":["GET"]}}],"collection":[{"href":"https:\/\/www.printings-n.com\/es\/wp-json\/wp\/v2\/product"}],"about":[{"href":"https:\/\/www.printings-n.com\/es\/wp-json\/wp\/v2\/types\/product"}],"replies":[{"embeddable":true,"href":"https:\/\/www.printings-n.com\/es\/wp-json\/wp\/v2\/comments?post=5191"}],"wp:featuredmedia":[{"embeddable":true,"href":"https:\/\/www.printings-n.com\/es\/wp-json\/wp\/v2\/media\/5192"}],"wp:attachment":[{"href":"https:\/\/www.printings-n.com\/es\/wp-json\/wp\/v2\/media?parent=5191"}],"wp:term":[{"taxonomy":"product_brand","embeddable":true,"href":"https:\/\/www.printings-n.com\/es\/wp-json\/wp\/v2\/product_brand?post=5191"},{"taxonomy":"product_cat","embeddable":true,"href":"https:\/\/www.printings-n.com\/es\/wp-json\/wp\/v2\/product_cat?post=5191"},{"taxonomy":"product_tag","embeddable":true,"href":"https:\/\/www.printings-n.com\/es\/wp-json\/wp\/v2\/product_tag?post=5191"}],"curies":[{"name":"wp","href":"https:\/\/api.w.org\/{rel}","templated":true}]}}