{"id":5187,"date":"2024-12-01T18:12:51","date_gmt":"2024-12-01T18:12:51","guid":{"rendered":"https:\/\/www.printings-n.com\/produit\/urban-vitamin-compton-rcs-10-000-mah-powerbank-urbanvitamincomptonrcs10000mahpowerbank-2\/"},"modified":"2024-12-01T18:12:52","modified_gmt":"2024-12-01T18:12:52","slug":"urban-vitamin-compton-rcs-10-000-mah-powerbank-urbanvitamincomptonrcs10000mahpowerbank-2","status":"publish","type":"product","link":"https:\/\/www.printings-n.com\/es\/producto\/urban-vitamin-compton-rcs-10-000-mah-powerbank-urbanvitamincomptonrcs10000mahpowerbank-2\/","title":{"rendered":"Bater\u00eda externa Urban Vitamin Compton 10.000 mah"},"content":{"rendered":"<p>El Compton Power Bank de Urban Vitamin redefine la comodidad con su tecnolog\u00eda magn\u00e9tica, que se acopla sin problemas al iPhone 12 y modelos m\u00e1s recientes, as\u00ed como a los \u00faltimos tel\u00e9fonos Android. Sus capacidades de carga r\u00e1pida de 15 W y 20 W, gracias a un puerto Type-C, garantizan que tus dispositivos se carguen r\u00e1pidamente. Con una robusta bater\u00eda de cobalto de 10.000 mAh, ofrece energ\u00eda de larga duraci\u00f3n. Fabricado con aluminio reciclado y ABS con certificaci\u00f3n RCS, Compton combina un dise\u00f1o respetuoso con el medio ambiente con un rendimiento de primera.<\/p>","protected":false},"excerpt":{"rendered":"<p>La banque d&#039;alimentation Compton d&#039;Urban Vitamin red\u00e9finit la commodit\u00e9 gr\u00e2ce \u00e0 sa technologie magn\u00e9tique, qui se fixe en toute transparence \u00e0 l&#039;iPhone 12 et aux mod\u00e8les plus r\u00e9cents, ainsi qu&#039;aux t\u00e9l\u00e9phones Android les plus r\u00e9cents. Ses capacit\u00e9s de charge rapide de 15 W et 20 W, gr\u00e2ce \u00e0 un port Type-C, garantissent une charge rapide [&hellip;]<\/p>\n","protected":false},"featured_media":5188,"comment_status":"open","ping_status":"closed","template":"","meta":[],"product_brand":[],"product_cat":[127],"product_tag":[],"class_list":{"0":"post-5187","1":"product","2":"type-product","3":"status-publish","4":"has-post-thumbnail","6":"product_cat-chargeurs-et-batteries-externes","8":"first","9":"instock","10":"taxable","11":"shipping-taxable","12":"product-type-simple"},"_links":{"self":[{"href":"https:\/\/www.printings-n.com\/es\/wp-json\/wp\/v2\/product\/5187","targetHints":{"allow":["GET"]}}],"collection":[{"href":"https:\/\/www.printings-n.com\/es\/wp-json\/wp\/v2\/product"}],"about":[{"href":"https:\/\/www.printings-n.com\/es\/wp-json\/wp\/v2\/types\/product"}],"replies":[{"embeddable":true,"href":"https:\/\/www.printings-n.com\/es\/wp-json\/wp\/v2\/comments?post=5187"}],"wp:featuredmedia":[{"embeddable":true,"href":"https:\/\/www.printings-n.com\/es\/wp-json\/wp\/v2\/media\/5188"}],"wp:attachment":[{"href":"https:\/\/www.printings-n.com\/es\/wp-json\/wp\/v2\/media?parent=5187"}],"wp:term":[{"taxonomy":"product_brand","embeddable":true,"href":"https:\/\/www.printings-n.com\/es\/wp-json\/wp\/v2\/product_brand?post=5187"},{"taxonomy":"product_cat","embeddable":true,"href":"https:\/\/www.printings-n.com\/es\/wp-json\/wp\/v2\/product_cat?post=5187"},{"taxonomy":"product_tag","embeddable":true,"href":"https:\/\/www.printings-n.com\/es\/wp-json\/wp\/v2\/product_tag?post=5187"}],"curies":[{"name":"wp","href":"https:\/\/api.w.org\/{rel}","templated":true}]}}