{"id":5181,"date":"2024-12-01T18:12:35","date_gmt":"2024-12-01T18:12:35","guid":{"rendered":"https:\/\/www.printings-n.com\/produit\/coffret-cadeau-powerbox-en-bambou-powerboxbamboogiftsetj5dhvu-2\/"},"modified":"2024-12-01T18:12:35","modified_gmt":"2024-12-01T18:12:35","slug":"powerbox-caja-de-regalo-de-bambu-powerboxbamboogiftsetj5dhvu-2","status":"publish","type":"product","link":"https:\/\/www.printings-n.com\/es\/producto\/powerbox-caja-de-regalo-de-bambu-powerboxbamboogiftsetj5dhvu-2\/","title":{"rendered":"Caja de regalo de bamb\u00fa Powerbox"},"content":{"rendered":"<p>En este set de regalo ecol\u00f3gico, encontrar\u00e1s una bater\u00eda externa compacta de 4000 mAh, envuelta en una funda de bamb\u00fa con un pr\u00e1ctico indicador de bater\u00eda iluminado. Adem\u00e1s, hay un minialtavoz inal\u00e1mbrico ABS recargable con Bluetooth versi\u00f3n 4.1, tambi\u00e9n alojado en bamb\u00fa para una excelente calidad de sonido. El set tambi\u00e9n incluye accesorios a juego, una bater\u00eda recargable e instrucciones de uso, todo ello cuidadosamente empaquetado en una elegante caja. Un regalo perfecto para quienes se preocupan por el medio ambiente.<\/p>","protected":false},"excerpt":{"rendered":"<p>Dans cet ensemble-cadeau respectueux de l&#039;environnement, vous trouverez une batterie externe compacte de 4000mAh, envelopp\u00e9e dans un bo\u00eetier en bambou avec un indicateur de batterie illumin\u00e9 pratique. De plus, il y a un mini haut-parleur sans fil en ABS rechargeable avec Bluetooth version 4.1, \u00e9galement log\u00e9 dans du bambou pour une excellente qualit\u00e9 sonore. L&#039;ensemble [&hellip;]<\/p>\n","protected":false},"featured_media":5182,"comment_status":"open","ping_status":"closed","template":"","meta":[],"product_brand":[],"product_cat":[127],"product_tag":[],"class_list":{"0":"post-5181","1":"product","2":"type-product","3":"status-publish","4":"has-post-thumbnail","6":"product_cat-chargeurs-et-batteries-externes","8":"first","9":"instock","10":"taxable","11":"shipping-taxable","12":"product-type-simple"},"_links":{"self":[{"href":"https:\/\/www.printings-n.com\/es\/wp-json\/wp\/v2\/product\/5181","targetHints":{"allow":["GET"]}}],"collection":[{"href":"https:\/\/www.printings-n.com\/es\/wp-json\/wp\/v2\/product"}],"about":[{"href":"https:\/\/www.printings-n.com\/es\/wp-json\/wp\/v2\/types\/product"}],"replies":[{"embeddable":true,"href":"https:\/\/www.printings-n.com\/es\/wp-json\/wp\/v2\/comments?post=5181"}],"wp:featuredmedia":[{"embeddable":true,"href":"https:\/\/www.printings-n.com\/es\/wp-json\/wp\/v2\/media\/5182"}],"wp:attachment":[{"href":"https:\/\/www.printings-n.com\/es\/wp-json\/wp\/v2\/media?parent=5181"}],"wp:term":[{"taxonomy":"product_brand","embeddable":true,"href":"https:\/\/www.printings-n.com\/es\/wp-json\/wp\/v2\/product_brand?post=5181"},{"taxonomy":"product_cat","embeddable":true,"href":"https:\/\/www.printings-n.com\/es\/wp-json\/wp\/v2\/product_cat?post=5181"},{"taxonomy":"product_tag","embeddable":true,"href":"https:\/\/www.printings-n.com\/es\/wp-json\/wp\/v2\/product_tag?post=5181"}],"curies":[{"name":"wp","href":"https:\/\/api.w.org\/{rel}","templated":true}]}}