{"id":5177,"date":"2024-12-01T18:12:26","date_gmt":"2024-12-01T18:12:26","guid":{"rendered":"https:\/\/www.printings-n.com\/produit\/batterie-externe-sans-fil-juice-4000mah-juice4000mahwirelesspowerbank-2\/"},"modified":"2024-12-01T18:12:27","modified_gmt":"2024-12-01T18:12:27","slug":"juice-4000mah-juice4000mahwirelesspowerbank-2-cordless-external-battery","status":"publish","type":"product","link":"https:\/\/www.printings-n.com\/es\/producto\/juice-4000mah-juice4000mahwirelesspowerbank-2-cordless-external-battery\/","title":{"rendered":"Bater\u00eda inal\u00e1mbrica externa Juice 4000mah"},"content":{"rendered":"<p>Una bater\u00eda externa de 4000 mAh con carcasa de aluminio que admite carga inal\u00e1mbrica de 5 W, una salida Micro USB y puede cargar completamente un smartphone. Dispone de indicador de encendido, entrada de 5 V\/2 A, salida de 5 V\/2 A e incluye un cable de carga de pl\u00e1stico TPE sin PVC. Se entrega en una caja de regalo est\u00e1ndar. Fabricado en aluminio y pl\u00e1stico ABS.<\/p>","protected":false},"excerpt":{"rendered":"<p>Une batterie externe de 4000 mAh avec un bo\u00eetier en aluminium qui prend en charge la charge sans fil de 5W, une sortie Micro USB et peut charger compl\u00e8tement un smartphone. Elle dispose d&#039;un indicateur de puissance, d&#039;une entr\u00e9e de 5V\/2A, d&#039;une sortie de 5V\/2A, et comprend un c\u00e2ble de charge en plastique TPE sans [&hellip;]<\/p>\n","protected":false},"featured_media":5178,"comment_status":"open","ping_status":"closed","template":"","meta":[],"product_brand":[],"product_cat":[127],"product_tag":[],"class_list":{"0":"post-5177","1":"product","2":"type-product","3":"status-publish","4":"has-post-thumbnail","6":"product_cat-chargeurs-et-batteries-externes","8":"first","9":"instock","10":"taxable","11":"shipping-taxable","12":"product-type-simple"},"_links":{"self":[{"href":"https:\/\/www.printings-n.com\/es\/wp-json\/wp\/v2\/product\/5177","targetHints":{"allow":["GET"]}}],"collection":[{"href":"https:\/\/www.printings-n.com\/es\/wp-json\/wp\/v2\/product"}],"about":[{"href":"https:\/\/www.printings-n.com\/es\/wp-json\/wp\/v2\/types\/product"}],"replies":[{"embeddable":true,"href":"https:\/\/www.printings-n.com\/es\/wp-json\/wp\/v2\/comments?post=5177"}],"wp:featuredmedia":[{"embeddable":true,"href":"https:\/\/www.printings-n.com\/es\/wp-json\/wp\/v2\/media\/5178"}],"wp:attachment":[{"href":"https:\/\/www.printings-n.com\/es\/wp-json\/wp\/v2\/media?parent=5177"}],"wp:term":[{"taxonomy":"product_brand","embeddable":true,"href":"https:\/\/www.printings-n.com\/es\/wp-json\/wp\/v2\/product_brand?post=5177"},{"taxonomy":"product_cat","embeddable":true,"href":"https:\/\/www.printings-n.com\/es\/wp-json\/wp\/v2\/product_cat?post=5177"},{"taxonomy":"product_tag","embeddable":true,"href":"https:\/\/www.printings-n.com\/es\/wp-json\/wp\/v2\/product_tag?post=5177"}],"curies":[{"name":"wp","href":"https:\/\/api.w.org\/{rel}","templated":true}]}}