{"id":5169,"date":"2024-12-01T18:10:21","date_gmt":"2024-12-01T18:10:21","guid":{"rendered":"https:\/\/www.printings-n.com\/produit\/chargeur-sans-fil-ontario-rcs-10w-ontariorcs10wwirelesscharger-2\/"},"modified":"2024-12-01T18:10:22","modified_gmt":"2024-12-01T18:10:22","slug":"cargador-inalambrico-ontario-rcs-10w-ontariorcs10cargador-inalambrico-2","status":"publish","type":"product","link":"https:\/\/www.printings-n.com\/es\/producto\/cargador-inalambrico-ontario-rcs-10w-ontariorcs10cargador-inalambrico-2\/","title":{"rendered":"Cargador inal\u00e1mbrico Ontario RCS 10W"},"content":{"rendered":"<p>Experimenta la recarga sin esfuerzo con esta maravilla ecol&oacute;gica. No es solo un cargador inal&aacute;mbrico, tambi&eacute;n es un ingenioso soporte para bol&iacute;grafos, fabricado con materiales reciclados y bamb&uacute;, que cumple todos los requisitos de la tecnolog&iacute;a respetuosa con el medio ambiente.&lt;br&gt;&iquest;Necesitas cargar otros aparatos? No te preocupes, tiene dos puertos USB en la parte trasera para cargar con cable. Es compatible con los &uacute;ltimos Androids y iPhones a partir del modelo 8. Adem&aacute;s, viene con un cable de carga Tipo C de 120 cm, que tambi&eacute;n es respetuoso con el medio ambiente.&lt;br&gt;Es el gadget que necesitas para una experiencia de carga m&aacute;s limpia y ecol&oacute;gica.<\/p>","protected":false},"excerpt":{"rendered":"<p>Faites l&#039;exp\u00e9rience d&#039;une recharge sans effort gr\u00e2ce \u00e0 cette merveille \u00e9cologique ! Ce n&#039;est pas seulement un chargeur sans fil, c&#039;est aussi un porte-stylo astucieux, fabriqu\u00e9 \u00e0 partir de mat\u00e9riaux recycl\u00e9s et de bambou, qui coche toutes les cases d&#039;une technologie respectueuse de l&#039;environnement.&lt;br&gt;Vous avez besoin d&#039;alimenter d&#039;autres gadgets ? Pas de souci, il dispose [&hellip;]<\/p>\n","protected":false},"featured_media":5170,"comment_status":"open","ping_status":"closed","template":"","meta":[],"product_brand":[],"product_cat":[127],"product_tag":[],"class_list":{"0":"post-5169","1":"product","2":"type-product","3":"status-publish","4":"has-post-thumbnail","6":"product_cat-chargeurs-et-batteries-externes","8":"first","9":"instock","10":"taxable","11":"shipping-taxable","12":"product-type-simple"},"_links":{"self":[{"href":"https:\/\/www.printings-n.com\/es\/wp-json\/wp\/v2\/product\/5169","targetHints":{"allow":["GET"]}}],"collection":[{"href":"https:\/\/www.printings-n.com\/es\/wp-json\/wp\/v2\/product"}],"about":[{"href":"https:\/\/www.printings-n.com\/es\/wp-json\/wp\/v2\/types\/product"}],"replies":[{"embeddable":true,"href":"https:\/\/www.printings-n.com\/es\/wp-json\/wp\/v2\/comments?post=5169"}],"wp:featuredmedia":[{"embeddable":true,"href":"https:\/\/www.printings-n.com\/es\/wp-json\/wp\/v2\/media\/5170"}],"wp:attachment":[{"href":"https:\/\/www.printings-n.com\/es\/wp-json\/wp\/v2\/media?parent=5169"}],"wp:term":[{"taxonomy":"product_brand","embeddable":true,"href":"https:\/\/www.printings-n.com\/es\/wp-json\/wp\/v2\/product_brand?post=5169"},{"taxonomy":"product_cat","embeddable":true,"href":"https:\/\/www.printings-n.com\/es\/wp-json\/wp\/v2\/product_cat?post=5169"},{"taxonomy":"product_tag","embeddable":true,"href":"https:\/\/www.printings-n.com\/es\/wp-json\/wp\/v2\/product_tag?post=5169"}],"curies":[{"name":"wp","href":"https:\/\/api.w.org\/{rel}","templated":true}]}}