{"id":5142,"date":"2024-12-01T18:06:32","date_gmt":"2024-12-01T18:06:32","guid":{"rendered":"https:\/\/www.printings-n.com\/produit\/stands-parapluies-courbes-curvedpopupwall-2\/"},"modified":"2024-12-01T18:06:33","modified_gmt":"2024-12-01T18:06:33","slug":"stands-parapluies-courbes-curvedpopupwall-2","status":"publish","type":"product","link":"https:\/\/www.printings-n.com\/es\/producto\/stands-parapluies-courbes-curvedpopupwall-2\/","title":{"rendered":"Parag\u00fceros curvos"},"content":{"rendered":"<p>Cree un poderoso tel\u00f3n de fondo para su marca con este elegante parag\u00fcero curvo. Nuestra pancarta curva de impacto causa un gran impacto a un bajo coste. R\u00e1pido y f\u00e1cil de montar, el soporte es resistente, duradero y est\u00e1 listo para un uso repetido. Ll\u00e9valo contigo a tus eventos con su pr\u00e1ctica bolsa de transporte y hazte notar.<br \/>\n&lt;br&gt;&lt;br&gt;<br \/>\nNota: Su impresi&oacute;n se entregar&aacute; en 6 piezas f&aacute;ciles de montar, dise&ntilde;adas para encajar perfectamente en la estructura mediante tiras magn&eacute;ticas integradas. Las tiras se fijan a la parte posterior del material de la lona, &iexcl;lo que facilita la instalaci&oacute;n! &lt;br&gt;&lt;br&gt;<br \/>\n\u00bfDesea encargar s\u00f3lo un lienzo? P\u00f3ngase en contacto con nuestro equipo de atenci\u00f3n al cliente por chat. No olvides facilitarnos las dimensiones de tu antiguo bastidor para que podamos incorporarlo a tu pedido. <\/p>","protected":false},"excerpt":{"rendered":"<p>Cr\u00e9ez une puissante toile de fond pour votre marque avec cet \u00e9l\u00e9gant stand parapluie courb\u00e9 ! Notre banni\u00e8re d&#039;impact courb\u00e9e a un fort impact \u00e0 un faible co\u00fbt. Facile et rapide \u00e0 assembler, le stand est solide, durable, et pr\u00eat \u00e0 \u00eatre utilis\u00e9 \u00e0 plusieurs reprises ! Emportez-le avec vous lors de vos \u00e9v\u00e9nements gr\u00e2ce [&hellip;]<\/p>\n","protected":false},"featured_media":5143,"comment_status":"open","ping_status":"closed","template":"","meta":[],"product_brand":[],"product_cat":[125],"product_tag":[],"class_list":{"0":"post-5142","1":"product","2":"type-product","3":"status-publish","4":"has-post-thumbnail","6":"product_cat-stands-et-enseignes","8":"first","9":"instock","10":"taxable","11":"shipping-taxable","12":"product-type-simple"},"_links":{"self":[{"href":"https:\/\/www.printings-n.com\/es\/wp-json\/wp\/v2\/product\/5142","targetHints":{"allow":["GET"]}}],"collection":[{"href":"https:\/\/www.printings-n.com\/es\/wp-json\/wp\/v2\/product"}],"about":[{"href":"https:\/\/www.printings-n.com\/es\/wp-json\/wp\/v2\/types\/product"}],"replies":[{"embeddable":true,"href":"https:\/\/www.printings-n.com\/es\/wp-json\/wp\/v2\/comments?post=5142"}],"wp:featuredmedia":[{"embeddable":true,"href":"https:\/\/www.printings-n.com\/es\/wp-json\/wp\/v2\/media\/5143"}],"wp:attachment":[{"href":"https:\/\/www.printings-n.com\/es\/wp-json\/wp\/v2\/media?parent=5142"}],"wp:term":[{"taxonomy":"product_brand","embeddable":true,"href":"https:\/\/www.printings-n.com\/es\/wp-json\/wp\/v2\/product_brand?post=5142"},{"taxonomy":"product_cat","embeddable":true,"href":"https:\/\/www.printings-n.com\/es\/wp-json\/wp\/v2\/product_cat?post=5142"},{"taxonomy":"product_tag","embeddable":true,"href":"https:\/\/www.printings-n.com\/es\/wp-json\/wp\/v2\/product_tag?post=5142"}],"curies":[{"name":"wp","href":"https:\/\/api.w.org\/{rel}","templated":true}]}}