{"id":5129,"date":"2024-12-01T17:59:56","date_gmt":"2024-12-01T17:59:56","guid":{"rendered":"https:\/\/www.printings-n.com\/produit\/roll-up-exterieurs-rollupbannersoutdoor\/"},"modified":"2024-12-01T17:59:57","modified_gmt":"2024-12-01T17:59:57","slug":"roll-up-exterior-rollupbannersoutdoor","status":"publish","type":"product","link":"https:\/\/www.printings-n.com\/es\/producto\/roll-up-exterior-rollupbannersoutdoor\/","title":{"rendered":"Enrollables de exterior"},"content":{"rendered":"<p>&iquest;Est&aacute; planeando un gran evento al aire libre? Pruebe uno de nuestros Roll-ups para exteriores para obtener la m&aacute;xima visibilidad al aire libre, &iexcl;el mensaje ideal para grandes espacios! Con su robusto soporte de aluminio de alta calidad y sus clavijas de suelo, su mensaje permanecer&aacute; en posici&oacute;n vertical. Y lo que es mejor, los Roll-ups para exteriores vienen con dos lonas para un mensaje de doble cara: &iexcl;descargue dos im&aacute;genes diferentes para dos caras &uacute;nicas! Con un montaje r&aacute;pido y una bolsa de transporte incluida, transmita su mensaje sobre la marcha.&lt;br&gt;&lt;br&gt;<br \/>\nHaga su pedido ahora para crear un expositor \u00fanico y atractivo.<\/p>","protected":false},"excerpt":{"rendered":"<p>Un grand \u00e9v\u00e9nement en plein air se pr\u00e9pare ? Essayez un de nos Roll-up ext\u00e9rieurs pour une visibilit\u00e9 maximale en plein air, un message id\u00e9al pour les grands espaces ! Avec son pied en aluminium robuste et de haute qualit\u00e9 et ses broches de sol, votre message est s\u00fbr de rester debout. Encore mieux, les [&hellip;]<\/p>\n","protected":false},"featured_media":5130,"comment_status":"open","ping_status":"closed","template":"","meta":[],"product_brand":[],"product_cat":[124],"product_tag":[],"class_list":{"0":"post-5129","1":"product","2":"type-product","3":"status-publish","4":"has-post-thumbnail","6":"product_cat-bannieres","8":"first","9":"instock","10":"taxable","11":"shipping-taxable","12":"product-type-simple"},"_links":{"self":[{"href":"https:\/\/www.printings-n.com\/es\/wp-json\/wp\/v2\/product\/5129","targetHints":{"allow":["GET"]}}],"collection":[{"href":"https:\/\/www.printings-n.com\/es\/wp-json\/wp\/v2\/product"}],"about":[{"href":"https:\/\/www.printings-n.com\/es\/wp-json\/wp\/v2\/types\/product"}],"replies":[{"embeddable":true,"href":"https:\/\/www.printings-n.com\/es\/wp-json\/wp\/v2\/comments?post=5129"}],"wp:featuredmedia":[{"embeddable":true,"href":"https:\/\/www.printings-n.com\/es\/wp-json\/wp\/v2\/media\/5130"}],"wp:attachment":[{"href":"https:\/\/www.printings-n.com\/es\/wp-json\/wp\/v2\/media?parent=5129"}],"wp:term":[{"taxonomy":"product_brand","embeddable":true,"href":"https:\/\/www.printings-n.com\/es\/wp-json\/wp\/v2\/product_brand?post=5129"},{"taxonomy":"product_cat","embeddable":true,"href":"https:\/\/www.printings-n.com\/es\/wp-json\/wp\/v2\/product_cat?post=5129"},{"taxonomy":"product_tag","embeddable":true,"href":"https:\/\/www.printings-n.com\/es\/wp-json\/wp\/v2\/product_tag?post=5129"}],"curies":[{"name":"wp","href":"https:\/\/api.w.org\/{rel}","templated":true}]}}