{"id":5110,"date":"2024-12-01T17:59:10","date_gmt":"2024-12-01T17:59:10","guid":{"rendered":"https:\/\/www.printings-n.com\/produit\/toile-infroissable-backdrops\/"},"modified":"2024-12-01T17:59:10","modified_gmt":"2024-12-01T17:59:10","slug":"telones-de-tela-resistentes-a-las-arrugas","status":"publish","type":"product","link":"https:\/\/www.printings-n.com\/es\/producto\/telones-de-tela-resistentes-a-las-arrugas\/","title":{"rendered":"Tejido resistente a las arrugas"},"content":{"rendered":"<p>Voici le compl\u00e9ment id\u00e9al pour tous vos \u00e9v\u00e9nements en plein air : nos toiles infroissables  personnalis\u00e9es ! Disponibles dans une vari\u00e9t\u00e9 de dimensions standard et sur mesure, nos toiles de fond sont fabriqu\u00e9es \u00e0 partir de mat\u00e9riaux durables et de haute qualit\u00e9, con\u00e7us pour durer. Ils sont \u00e9galement imperm\u00e9ables et offrent la possibilit\u00e9 d&#039;installer des anneaux tous les 30 cm, ce qui les rend faciles \u00e0 installer ! Alors pourquoi attendre ? Commandez les toiles personnalisables de [site_name] d\u00e8s aujourd&#039;hui !<br \/>\n&lt;br&gt;&lt;\/br&gt;<br \/>\nNote: Les supports ne sont pas inclus. &lt;br&gt;<\/p>\n","protected":false},"excerpt":{"rendered":"<p>Voici le compl\u00e9ment id\u00e9al pour tous vos \u00e9v\u00e9nements en plein air : nos toiles infroissables personnalis\u00e9es ! Disponibles dans une vari\u00e9t\u00e9 de dimensions standard et sur mesure, nos toiles de fond sont fabriqu\u00e9es \u00e0 partir de mat\u00e9riaux durables et de haute qualit\u00e9, con\u00e7us pour durer. Ils sont \u00e9galement imperm\u00e9ables et offrent la possibilit\u00e9 d&#039;installer des [&hellip;]<\/p>\n","protected":false},"featured_media":5111,"comment_status":"open","ping_status":"closed","template":"","meta":[],"product_brand":[],"product_cat":[124],"product_tag":[],"class_list":{"0":"post-5110","1":"product","2":"type-product","3":"status-publish","4":"has-post-thumbnail","6":"product_cat-bannieres","8":"first","9":"instock","10":"taxable","11":"shipping-taxable","12":"product-type-simple"},"_links":{"self":[{"href":"https:\/\/www.printings-n.com\/es\/wp-json\/wp\/v2\/product\/5110","targetHints":{"allow":["GET"]}}],"collection":[{"href":"https:\/\/www.printings-n.com\/es\/wp-json\/wp\/v2\/product"}],"about":[{"href":"https:\/\/www.printings-n.com\/es\/wp-json\/wp\/v2\/types\/product"}],"replies":[{"embeddable":true,"href":"https:\/\/www.printings-n.com\/es\/wp-json\/wp\/v2\/comments?post=5110"}],"wp:featuredmedia":[{"embeddable":true,"href":"https:\/\/www.printings-n.com\/es\/wp-json\/wp\/v2\/media\/5111"}],"wp:attachment":[{"href":"https:\/\/www.printings-n.com\/es\/wp-json\/wp\/v2\/media?parent=5110"}],"wp:term":[{"taxonomy":"product_brand","embeddable":true,"href":"https:\/\/www.printings-n.com\/es\/wp-json\/wp\/v2\/product_brand?post=5110"},{"taxonomy":"product_cat","embeddable":true,"href":"https:\/\/www.printings-n.com\/es\/wp-json\/wp\/v2\/product_cat?post=5110"},{"taxonomy":"product_tag","embeddable":true,"href":"https:\/\/www.printings-n.com\/es\/wp-json\/wp\/v2\/product_tag?post=5110"}],"curies":[{"name":"wp","href":"https:\/\/api.w.org\/{rel}","templated":true}]}}