{"id":5019,"date":"2024-12-01T17:20:11","date_gmt":"2024-12-01T17:20:11","guid":{"rendered":"https:\/\/www.printings-n.com\/produit\/sky-dancer-skytubes\/"},"modified":"2024-12-01T17:20:12","modified_gmt":"2024-12-01T17:20:12","slug":"sky-dancer-skytubes","status":"publish","type":"product","link":"https:\/\/www.printings-n.com\/es\/producto\/sky-dancer-skytubes\/","title":{"rendered":"Bailarina del cielo"},"content":{"rendered":"<p>Le Sky Dancer  est parfait pour augmenter votre notori\u00e9t\u00e9 lors de manifestations, concerts et matchs en plein air. Vous vous assurez ainsi une visibilit\u00e9 sans conteste face \u00e0 un large public. Gr\u00e2ce \u00e0 son souffleur d&#039;air, le Sky Dancer joue et virevolte dans les airs, jusqu&#039;\u00e0 8 m\u00e8tres de hauteur. Et en plus, son installation est ultra-facile et rapide, soyez maintenant visible avec votre Sky Dancer [site_name] !<\/p>\n","protected":false},"excerpt":{"rendered":"<p>Le Sky Dancer est parfait pour augmenter votre notori\u00e9t\u00e9 lors de manifestations, concerts et matchs en plein air. Vous vous assurez ainsi une visibilit\u00e9 sans conteste face \u00e0 un large public. Gr\u00e2ce \u00e0 son souffleur d&#039;air, le Sky Dancer joue et virevolte dans les airs, jusqu&#039;\u00e0 8 m\u00e8tres de hauteur. Et en plus, son installation [&hellip;]<\/p>\n","protected":false},"featured_media":5020,"comment_status":"open","ping_status":"closed","template":"","meta":[],"product_brand":[],"product_cat":[118],"product_tag":[],"class_list":{"0":"post-5019","1":"product","2":"type-product","3":"status-publish","4":"has-post-thumbnail","6":"product_cat-autres-supports-exterieurs","8":"first","9":"instock","10":"taxable","11":"shipping-taxable","12":"product-type-simple"},"_links":{"self":[{"href":"https:\/\/www.printings-n.com\/es\/wp-json\/wp\/v2\/product\/5019","targetHints":{"allow":["GET"]}}],"collection":[{"href":"https:\/\/www.printings-n.com\/es\/wp-json\/wp\/v2\/product"}],"about":[{"href":"https:\/\/www.printings-n.com\/es\/wp-json\/wp\/v2\/types\/product"}],"replies":[{"embeddable":true,"href":"https:\/\/www.printings-n.com\/es\/wp-json\/wp\/v2\/comments?post=5019"}],"wp:featuredmedia":[{"embeddable":true,"href":"https:\/\/www.printings-n.com\/es\/wp-json\/wp\/v2\/media\/5020"}],"wp:attachment":[{"href":"https:\/\/www.printings-n.com\/es\/wp-json\/wp\/v2\/media?parent=5019"}],"wp:term":[{"taxonomy":"product_brand","embeddable":true,"href":"https:\/\/www.printings-n.com\/es\/wp-json\/wp\/v2\/product_brand?post=5019"},{"taxonomy":"product_cat","embeddable":true,"href":"https:\/\/www.printings-n.com\/es\/wp-json\/wp\/v2\/product_cat?post=5019"},{"taxonomy":"product_tag","embeddable":true,"href":"https:\/\/www.printings-n.com\/es\/wp-json\/wp\/v2\/product_tag?post=5019"}],"curies":[{"name":"wp","href":"https:\/\/api.w.org\/{rel}","templated":true}]}}