{"id":4999,"date":"2024-12-01T17:19:33","date_gmt":"2024-12-01T17:19:33","guid":{"rendered":"https:\/\/www.printings-n.com\/produit\/porte-menu-design-menustanddesign\/"},"modified":"2024-12-01T17:19:33","modified_gmt":"2024-12-01T17:19:33","slug":"menu-puerta-diseno-menustanddesign","status":"publish","type":"product","link":"https:\/\/www.printings-n.com\/es\/producto\/menu-puerta-diseno-menustanddesign\/","title":{"rendered":"Porta men\u00fas de dise\u00f1o"},"content":{"rendered":"<p>\u00bfElegante, chic y lleno de estilo? \u00bfQuiere que su portamen\u00fas refleje el estilo de su restaurante o bar? Entonces, \u00a1el portamen\u00fas de dise\u00f1o es para usted! Con su dise\u00f1o estilizado y su soporte de marco f\u00e1cil de mover, es perfecto para sujetar sus men\u00fas, carteles, tarjetas informativas y mucho m\u00e1s. Este soporte para men\u00fas es f\u00e1cil y r\u00e1pido de instalar y no requiere herramientas. Puede elegir incluir un elemento visual personalizable y \u00a1ya est\u00e1 listo para presumir de lo que hace!<\/p>","protected":false},"excerpt":{"rendered":"<p>\u00c9l\u00e9gant, chic et plein de style ? Vous souhaitez que votre porte-menu soit \u00e0 la hauteur de votre restaurant ou de votre bar ? Alors Porte-menu design est fait pour vous ! Gr\u00e2ce \u00e0 son design fin et \u00e0 son support de cadre facile \u00e0 d\u00e9placer, il est parfait pour accueillir vos menus, affiches, cartes [&hellip;]<\/p>\n","protected":false},"featured_media":5000,"comment_status":"open","ping_status":"closed","template":"","meta":[],"product_brand":[],"product_cat":[118],"product_tag":[],"class_list":{"0":"post-4999","1":"product","2":"type-product","3":"status-publish","4":"has-post-thumbnail","6":"product_cat-autres-supports-exterieurs","8":"first","9":"instock","10":"taxable","11":"shipping-taxable","12":"product-type-simple"},"_links":{"self":[{"href":"https:\/\/www.printings-n.com\/es\/wp-json\/wp\/v2\/product\/4999","targetHints":{"allow":["GET"]}}],"collection":[{"href":"https:\/\/www.printings-n.com\/es\/wp-json\/wp\/v2\/product"}],"about":[{"href":"https:\/\/www.printings-n.com\/es\/wp-json\/wp\/v2\/types\/product"}],"replies":[{"embeddable":true,"href":"https:\/\/www.printings-n.com\/es\/wp-json\/wp\/v2\/comments?post=4999"}],"wp:featuredmedia":[{"embeddable":true,"href":"https:\/\/www.printings-n.com\/es\/wp-json\/wp\/v2\/media\/5000"}],"wp:attachment":[{"href":"https:\/\/www.printings-n.com\/es\/wp-json\/wp\/v2\/media?parent=4999"}],"wp:term":[{"taxonomy":"product_brand","embeddable":true,"href":"https:\/\/www.printings-n.com\/es\/wp-json\/wp\/v2\/product_brand?post=4999"},{"taxonomy":"product_cat","embeddable":true,"href":"https:\/\/www.printings-n.com\/es\/wp-json\/wp\/v2\/product_cat?post=4999"},{"taxonomy":"product_tag","embeddable":true,"href":"https:\/\/www.printings-n.com\/es\/wp-json\/wp\/v2\/product_tag?post=4999"}],"curies":[{"name":"wp","href":"https:\/\/api.w.org\/{rel}","templated":true}]}}