{"id":4989,"date":"2024-12-01T17:19:04","date_gmt":"2024-12-01T17:19:04","guid":{"rendered":"https:\/\/www.printings-n.com\/produit\/transats-personnalises-deckchair\/"},"modified":"2024-12-01T17:19:04","modified_gmt":"2024-12-01T17:19:04","slug":"tumbonas-personalizadas","status":"publish","type":"product","link":"https:\/\/www.printings-n.com\/es\/producto\/tumbonas-personalizadas\/","title":{"rendered":"Tumbonas a medida"},"content":{"rendered":"<p>Ya sea para un evento planificado o para un poco de diversi\u00f3n espont\u00e1nea, estas tumbonas personalizadas, fabricadas en madera de haya maciza sin tratar, son perfectas para tus clientes o amigos. \u00a1Destaca entre la multitud promocionando tu marca mientras te relajas! Puede utilizarlas para eventos, conciertos o simplemente para sus terrazas. Las tumbonas personalizadas con su dise\u00f1o personal tambi\u00e9n son una excelente idea de regalo.<br \/>\n&lt;br&gt;&lt;br&gt;<br \/>\nEsta tumbona est\u00e1 hecha de madera de haya sin tratar. El tejido de la tumbona es de poli\u00e9ster de 210 g y est\u00e1 estampado en cuatricrom\u00eda por una sola cara. Es f\u00e1cil de quitar y lavar.<\/p>","protected":false},"excerpt":{"rendered":"<p>Que ce soit lors d&#039;un \u00e9v\u00e9nement planifi\u00e9 ou pour un peu de plaisir spontan\u00e9, ces transats personnalis\u00e9s, en bois de h\u00eatre massif et non trait\u00e9, sont parfaits pour vos clients ou vos proches. D\u00e9marquez-vous en faisant la promotion de votre marque tout en vous relaxant ! Vous pourrez ces chiliennes utiliser pour des \u00e9v\u00e9nements, des [&hellip;]<\/p>\n","protected":false},"featured_media":4990,"comment_status":"open","ping_status":"closed","template":"","meta":[],"product_brand":[],"product_cat":[118],"product_tag":[],"class_list":{"0":"post-4989","1":"product","2":"type-product","3":"status-publish","4":"has-post-thumbnail","6":"product_cat-autres-supports-exterieurs","8":"first","9":"instock","10":"taxable","11":"shipping-taxable","12":"product-type-simple"},"_links":{"self":[{"href":"https:\/\/www.printings-n.com\/es\/wp-json\/wp\/v2\/product\/4989","targetHints":{"allow":["GET"]}}],"collection":[{"href":"https:\/\/www.printings-n.com\/es\/wp-json\/wp\/v2\/product"}],"about":[{"href":"https:\/\/www.printings-n.com\/es\/wp-json\/wp\/v2\/types\/product"}],"replies":[{"embeddable":true,"href":"https:\/\/www.printings-n.com\/es\/wp-json\/wp\/v2\/comments?post=4989"}],"wp:featuredmedia":[{"embeddable":true,"href":"https:\/\/www.printings-n.com\/es\/wp-json\/wp\/v2\/media\/4990"}],"wp:attachment":[{"href":"https:\/\/www.printings-n.com\/es\/wp-json\/wp\/v2\/media?parent=4989"}],"wp:term":[{"taxonomy":"product_brand","embeddable":true,"href":"https:\/\/www.printings-n.com\/es\/wp-json\/wp\/v2\/product_brand?post=4989"},{"taxonomy":"product_cat","embeddable":true,"href":"https:\/\/www.printings-n.com\/es\/wp-json\/wp\/v2\/product_cat?post=4989"},{"taxonomy":"product_tag","embeddable":true,"href":"https:\/\/www.printings-n.com\/es\/wp-json\/wp\/v2\/product_tag?post=4989"}],"curies":[{"name":"wp","href":"https:\/\/api.w.org\/{rel}","templated":true}]}}