{"id":4914,"date":"2024-12-01T10:50:29","date_gmt":"2024-12-01T10:50:29","guid":{"rendered":"https:\/\/www.printings-n.com\/produit\/stickers-vitrine-windowstickers\/"},"modified":"2024-12-01T10:50:30","modified_gmt":"2024-12-01T10:50:30","slug":"adhesivos-para-cristales-adhesivos-para-cristales","status":"publish","type":"product","link":"https:\/\/www.printings-n.com\/es\/producto\/adhesivos-para-cristales-adhesivos-para-cristales\/","title":{"rendered":"Pegatinas para ventanas"},"content":{"rendered":"<p>Muestra tus ofertas especiales o promociones con estas pegatinas de gran formato. P\u00e9galos en tus ventanas, escaparates o puertas de cristal de la oficina para que todo el mundo pueda ver tus campa\u00f1as de marketing. Seguro que encuentras el adhesivo de gran formato perfecto para tus necesidades, gracias a nuestro formato personalizable, los materiales opacos o transl\u00facidos y el acabado mate o brillante.<br \/>\n&lt;br&gt;<br \/>\nNota: Si eliges un material transparente, los colores claros y p\u00e1lidos no ser\u00e1n visibles a la luz.<\/p>","protected":false},"excerpt":{"rendered":"<p>Affichez vos offres sp\u00e9ciales ou vos promotions gr\u00e2ce \u00e0 ces stickers grand format. \u00c0 coller sur vos fen\u00eatres, vitrines de magasin ou sur les portes vitr\u00e9es de votre bureau pour que vos campagnes marketing soient visibles par tous. Gr\u00e2ce \u00e0 la d\u00e9coupe sur mesure ou rectangle de vos adh\u00e9sifs vinyle pour vitrophanie, au format personnalisable, [&hellip;]<\/p>\n","protected":false},"featured_media":4915,"comment_status":"open","ping_status":"closed","template":"","meta":[],"product_brand":[],"product_cat":[115],"product_tag":[],"class_list":{"0":"post-4914","1":"product","2":"type-product","3":"status-publish","4":"has-post-thumbnail","6":"product_cat-etiquettes-en-feuille","8":"first","9":"instock","10":"taxable","11":"shipping-taxable","12":"product-type-simple"},"_links":{"self":[{"href":"https:\/\/www.printings-n.com\/es\/wp-json\/wp\/v2\/product\/4914","targetHints":{"allow":["GET"]}}],"collection":[{"href":"https:\/\/www.printings-n.com\/es\/wp-json\/wp\/v2\/product"}],"about":[{"href":"https:\/\/www.printings-n.com\/es\/wp-json\/wp\/v2\/types\/product"}],"replies":[{"embeddable":true,"href":"https:\/\/www.printings-n.com\/es\/wp-json\/wp\/v2\/comments?post=4914"}],"wp:featuredmedia":[{"embeddable":true,"href":"https:\/\/www.printings-n.com\/es\/wp-json\/wp\/v2\/media\/4915"}],"wp:attachment":[{"href":"https:\/\/www.printings-n.com\/es\/wp-json\/wp\/v2\/media?parent=4914"}],"wp:term":[{"taxonomy":"product_brand","embeddable":true,"href":"https:\/\/www.printings-n.com\/es\/wp-json\/wp\/v2\/product_brand?post=4914"},{"taxonomy":"product_cat","embeddable":true,"href":"https:\/\/www.printings-n.com\/es\/wp-json\/wp\/v2\/product_cat?post=4914"},{"taxonomy":"product_tag","embeddable":true,"href":"https:\/\/www.printings-n.com\/es\/wp-json\/wp\/v2\/product_tag?post=4914"}],"curies":[{"name":"wp","href":"https:\/\/api.w.org\/{rel}","templated":true}]}}