{"id":4892,"date":"2024-12-01T10:49:21","date_gmt":"2024-12-01T10:49:21","guid":{"rendered":"https:\/\/www.printings-n.com\/produit\/stickers-sur-mesure-stickersownsize\/"},"modified":"2024-12-01T10:49:21","modified_gmt":"2024-12-01T10:49:21","slug":"pegatinas-personalizadas-adhesivosownsize","status":"publish","type":"product","link":"https:\/\/www.printings-n.com\/es\/producto\/pegatinas-personalizadas-adhesivosownsize\/","title":{"rendered":"Pegatinas a medida"},"content":{"rendered":"<p>Sea creativo utilizando pegatinas personalizadas para sus campa\u00f1as de comunicaci\u00f3n y marketing. Puede conseguir estas pegatinas personalizadas en el tama\u00f1o y la forma que desee. Elige entre una amplia gama de materiales, como vinilo o papel, con muchas opciones de acabado para que tus pegatinas destaquen de verdad. Convi\u00e9rtelas en el complemento perfecto de tus campa\u00f1as publicitarias y rep\u00e1rtelas entre todos tus clientes para dar a conocer tu marca.<br \/>\n&lt;br&gt;&lt;br&gt;<br \/>\nNota: Las pegatinas pueden imprimirse con fondo troquelado o blanco, seg\u00fan la t\u00e9cnica de impresi\u00f3n.<br \/>\n&lt;br&gt;&lt;br&gt;<br \/>\n\u00bfQuiere pedir pegatinas en rollo con caja dispensadora? Eche un vistazo a nuestras pegatinas a medida en rollo.<\/p>","protected":false},"excerpt":{"rendered":"<p>Soyez cr\u00e9atifs en utilisant des stickers et autocollants de taille personnalis\u00e9e pour votre communication et campagnes marketing. Vous pouvez obtenir ces autocollants personnalis\u00e9s dans la taille et la forme que vous souhaitez. Choisissez parmi diff\u00e9rents mat\u00e9riaux, notamment vinyle ou papier avec de nombreuses options de finition pour que vos stickers se distinguent vraiment. Faites-en le [&hellip;]<\/p>\n","protected":false},"featured_media":4893,"comment_status":"open","ping_status":"closed","template":"","meta":[],"product_brand":[],"product_cat":[115],"product_tag":[],"class_list":{"0":"post-4892","1":"product","2":"type-product","3":"status-publish","4":"has-post-thumbnail","6":"product_cat-etiquettes-en-feuille","8":"first","9":"instock","10":"taxable","11":"shipping-taxable","12":"product-type-simple"},"_links":{"self":[{"href":"https:\/\/www.printings-n.com\/es\/wp-json\/wp\/v2\/product\/4892","targetHints":{"allow":["GET"]}}],"collection":[{"href":"https:\/\/www.printings-n.com\/es\/wp-json\/wp\/v2\/product"}],"about":[{"href":"https:\/\/www.printings-n.com\/es\/wp-json\/wp\/v2\/types\/product"}],"replies":[{"embeddable":true,"href":"https:\/\/www.printings-n.com\/es\/wp-json\/wp\/v2\/comments?post=4892"}],"wp:featuredmedia":[{"embeddable":true,"href":"https:\/\/www.printings-n.com\/es\/wp-json\/wp\/v2\/media\/4893"}],"wp:attachment":[{"href":"https:\/\/www.printings-n.com\/es\/wp-json\/wp\/v2\/media?parent=4892"}],"wp:term":[{"taxonomy":"product_brand","embeddable":true,"href":"https:\/\/www.printings-n.com\/es\/wp-json\/wp\/v2\/product_brand?post=4892"},{"taxonomy":"product_cat","embeddable":true,"href":"https:\/\/www.printings-n.com\/es\/wp-json\/wp\/v2\/product_cat?post=4892"},{"taxonomy":"product_tag","embeddable":true,"href":"https:\/\/www.printings-n.com\/es\/wp-json\/wp\/v2\/product_tag?post=4892"}],"curies":[{"name":"wp","href":"https:\/\/api.w.org\/{rel}","templated":true}]}}