{"id":4890,"date":"2024-12-01T10:49:16","date_gmt":"2024-12-01T10:49:16","guid":{"rendered":"https:\/\/www.printings-n.com\/produit\/planche-de-stickers-stickersonsheet\/"},"modified":"2024-12-01T10:49:16","modified_gmt":"2024-12-01T10:49:16","slug":"planche-de-stickers-stickersonsheet","status":"publish","type":"product","link":"https:\/\/www.printings-n.com\/es\/producto\/planche-de-stickers-stickersonsheet\/","title":{"rendered":"Hoja de pegatinas"},"content":{"rendered":"<p>La \u00faltima pieza del rompecabezas para su marketing o impresi\u00f3n de envases. Estas hojas de adhesivos son una forma econ\u00f3mica de transmitir su imagen de marca. Gracias a la variedad de formas, tama\u00f1os, materiales y acabados disponibles, seguro que encuentras la combinaci\u00f3n perfecta para tus creaciones promocionales. Personalice las pegatinas con el logotipo o el dise\u00f1o de su empresa y p\u00eddalas hoy mismo.<br \/>\n&lt;br&gt;&lt;br&gt;<br \/>\nNota: estos adhesivos se entregan en una hoja. El n\u00famero de pegatinas por hoja var\u00eda en funci\u00f3n de su tama\u00f1o. La cantidad seleccionada se refiere al n\u00famero de pegatinas y no al n\u00famero de hojas. Si elige un material transparente, los colores claros y p\u00e1lidos no ser\u00e1n visibles a la luz.<\/p>","protected":false},"excerpt":{"rendered":"<p>La derni\u00e8re pi\u00e8ce du puzzle pour votre impression de marketing ou d&#039;emballage ! Ces Planche de stickers sont un moyen peu co\u00fbteux de faire passer votre image de marque. Gr\u00e2ce \u00e0 la diversit\u00e9 des formes, des tailles, des mat\u00e9riaux et des finitions disponibles, vous \u00eates s\u00fbr de trouver la combinaison parfaite pour vos cr\u00e9ations promotionnelles [&hellip;]<\/p>\n","protected":false},"featured_media":4891,"comment_status":"open","ping_status":"closed","template":"","meta":[],"product_brand":[],"product_cat":[115],"product_tag":[],"class_list":{"0":"post-4890","1":"product","2":"type-product","3":"status-publish","4":"has-post-thumbnail","6":"product_cat-etiquettes-en-feuille","8":"first","9":"instock","10":"taxable","11":"shipping-taxable","12":"product-type-simple"},"_links":{"self":[{"href":"https:\/\/www.printings-n.com\/es\/wp-json\/wp\/v2\/product\/4890","targetHints":{"allow":["GET"]}}],"collection":[{"href":"https:\/\/www.printings-n.com\/es\/wp-json\/wp\/v2\/product"}],"about":[{"href":"https:\/\/www.printings-n.com\/es\/wp-json\/wp\/v2\/types\/product"}],"replies":[{"embeddable":true,"href":"https:\/\/www.printings-n.com\/es\/wp-json\/wp\/v2\/comments?post=4890"}],"wp:featuredmedia":[{"embeddable":true,"href":"https:\/\/www.printings-n.com\/es\/wp-json\/wp\/v2\/media\/4891"}],"wp:attachment":[{"href":"https:\/\/www.printings-n.com\/es\/wp-json\/wp\/v2\/media?parent=4890"}],"wp:term":[{"taxonomy":"product_brand","embeddable":true,"href":"https:\/\/www.printings-n.com\/es\/wp-json\/wp\/v2\/product_brand?post=4890"},{"taxonomy":"product_cat","embeddable":true,"href":"https:\/\/www.printings-n.com\/es\/wp-json\/wp\/v2\/product_cat?post=4890"},{"taxonomy":"product_tag","embeddable":true,"href":"https:\/\/www.printings-n.com\/es\/wp-json\/wp\/v2\/product_tag?post=4890"}],"curies":[{"name":"wp","href":"https:\/\/api.w.org\/{rel}","templated":true}]}}