{"id":4864,"date":"2024-12-01T09:51:14","date_gmt":"2024-12-01T09:51:14","guid":{"rendered":"https:\/\/www.printings-n.com\/produit\/parapluie-colorado-rpet-coloradorpetumbrella23inch-2\/"},"modified":"2024-12-01T09:51:14","modified_gmt":"2024-12-01T09:51:14","slug":"paraguas-colorado-rpet-coloradorpetumbrella23inch-2","status":"publish","type":"product","link":"https:\/\/www.printings-n.com\/es\/producto\/paraguas-colorado-rpet-coloradorpetumbrella23inch-2\/","title":{"rendered":"Paraguas RPET de Colorado"},"content":{"rendered":"<p>Mantente seco con este paraguas compacto fabricado con poli&eacute;ster pongee RPET 190T, reciclado a partir de botellas de PET. Este paraguas ecol&oacute;gico cuenta con muelle telesc&oacute;pico autom&aacute;tico, estructura de fibra de vidrio, mango met&aacute;lico, empu&ntilde;adura de espuma suave y cierre de velcro.&lt;br&gt;&lt;br&gt;<br \/>\n\u00bfDesea imprimir el mismo dise\u00f1o en varias partes del paraguas? P\u00eddanos presupuesto.<\/p>","protected":false},"excerpt":{"rendered":"<p>Restez au sec avec ce parapluie compact fabriqu\u00e9 en polyester pong\u00e9 190T RPET, recycl\u00e9 \u00e0 partir de bouteilles PET. Ce parapluie \u00e9cologique est dot\u00e9 d&#039;un ressort t\u00e9lescopique automatique, d&#039;une armature en fibre de verre, d&#039;une poign\u00e9e en m\u00e9tal, d&#039;une poign\u00e9e en mousse souple et d&#039;une fermeture velcro.&lt;br&gt;&lt;br&gt; Vous souhaitez imprimer le m\u00eame design sur plusieurs [&hellip;]<\/p>\n","protected":false},"featured_media":4865,"comment_status":"open","ping_status":"closed","template":"","meta":[],"product_brand":[],"product_cat":[114],"product_tag":[],"class_list":{"0":"post-4864","1":"product","2":"type-product","3":"status-publish","4":"has-post-thumbnail","6":"product_cat-loisirs-en-exterieur","8":"first","9":"instock","10":"taxable","11":"shipping-taxable","12":"product-type-simple"},"_links":{"self":[{"href":"https:\/\/www.printings-n.com\/es\/wp-json\/wp\/v2\/product\/4864","targetHints":{"allow":["GET"]}}],"collection":[{"href":"https:\/\/www.printings-n.com\/es\/wp-json\/wp\/v2\/product"}],"about":[{"href":"https:\/\/www.printings-n.com\/es\/wp-json\/wp\/v2\/types\/product"}],"replies":[{"embeddable":true,"href":"https:\/\/www.printings-n.com\/es\/wp-json\/wp\/v2\/comments?post=4864"}],"wp:featuredmedia":[{"embeddable":true,"href":"https:\/\/www.printings-n.com\/es\/wp-json\/wp\/v2\/media\/4865"}],"wp:attachment":[{"href":"https:\/\/www.printings-n.com\/es\/wp-json\/wp\/v2\/media?parent=4864"}],"wp:term":[{"taxonomy":"product_brand","embeddable":true,"href":"https:\/\/www.printings-n.com\/es\/wp-json\/wp\/v2\/product_brand?post=4864"},{"taxonomy":"product_cat","embeddable":true,"href":"https:\/\/www.printings-n.com\/es\/wp-json\/wp\/v2\/product_cat?post=4864"},{"taxonomy":"product_tag","embeddable":true,"href":"https:\/\/www.printings-n.com\/es\/wp-json\/wp\/v2\/product_tag?post=4864"}],"curies":[{"name":"wp","href":"https:\/\/api.w.org\/{rel}","templated":true}]}}