{"id":4856,"date":"2024-12-01T09:51:02","date_gmt":"2024-12-01T09:51:02","guid":{"rendered":"https:\/\/www.printings-n.com\/produit\/parapluie-stormproof-a-ouverture-automatique-impact-aware-rpet-impactawarerpet190tautoopenstormproofumbrella-2\/"},"modified":"2024-12-01T09:51:03","modified_gmt":"2024-12-01T09:51:03","slug":"parapluie-stormproof-a-ouverture-automatique-impact-aware-rpet-impactawarerpet190tautoopenstormproofumbrella-2","status":"publish","type":"product","link":"https:\/\/www.printings-n.com\/es\/producto\/parapluie-stormproof-a-ouverture-automatique-impact-aware-rpet-impactawarerpet190tautoopenstormproofumbrella-2\/","title":{"rendered":"Paraguas de apertura autom\u00e1tica Impact AWARE rPET"},"content":{"rendered":"<p>Mantente seco con estilo gracias a nuestro paraguas de apertura autom&aacute;tica con un distintivo dise&ntilde;o bicolor. Fabricado con una robusta estructura met&aacute;lica, varillas de fibra de vidrio duraderas y un c&oacute;modo mango de PP, este paraguas a prueba de tormentas es el compa&ntilde;ero perfecto para los d&iacute;as de lluvia. &iquest;Qu&eacute; lo distingue? Su lona ecol&oacute;gica est&aacute; fabricada con 11,3 botellas de PET, lo que ahorra 6,7 litros de agua.&lt;br&gt;<br \/>\nAdopte la moda y el desarrollo sostenible, llueva o haga sol.<\/p>","protected":false},"excerpt":{"rendered":"<p>Restez au sec avec style gr\u00e2ce \u00e0 notre parapluie \u00e0 ouverture automatique dot\u00e9 d&#039;un design bicolore distinctif. Fabriqu\u00e9 avec une armature m\u00e9tallique robuste, des baleines en fibre de verre durables et une poign\u00e9e confortable en PP, ce parapluie r\u00e9sistant \u00e0 la temp\u00eate est le compagnon id\u00e9al des jours de pluie. Qu&#039;est-ce qui le distingue ? [&hellip;]<\/p>\n","protected":false},"featured_media":4857,"comment_status":"open","ping_status":"closed","template":"","meta":[],"product_brand":[],"product_cat":[114],"product_tag":[],"class_list":{"0":"post-4856","1":"product","2":"type-product","3":"status-publish","4":"has-post-thumbnail","6":"product_cat-loisirs-en-exterieur","8":"first","9":"instock","10":"taxable","11":"shipping-taxable","12":"product-type-simple"},"_links":{"self":[{"href":"https:\/\/www.printings-n.com\/es\/wp-json\/wp\/v2\/product\/4856","targetHints":{"allow":["GET"]}}],"collection":[{"href":"https:\/\/www.printings-n.com\/es\/wp-json\/wp\/v2\/product"}],"about":[{"href":"https:\/\/www.printings-n.com\/es\/wp-json\/wp\/v2\/types\/product"}],"replies":[{"embeddable":true,"href":"https:\/\/www.printings-n.com\/es\/wp-json\/wp\/v2\/comments?post=4856"}],"wp:featuredmedia":[{"embeddable":true,"href":"https:\/\/www.printings-n.com\/es\/wp-json\/wp\/v2\/media\/4857"}],"wp:attachment":[{"href":"https:\/\/www.printings-n.com\/es\/wp-json\/wp\/v2\/media?parent=4856"}],"wp:term":[{"taxonomy":"product_brand","embeddable":true,"href":"https:\/\/www.printings-n.com\/es\/wp-json\/wp\/v2\/product_brand?post=4856"},{"taxonomy":"product_cat","embeddable":true,"href":"https:\/\/www.printings-n.com\/es\/wp-json\/wp\/v2\/product_cat?post=4856"},{"taxonomy":"product_tag","embeddable":true,"href":"https:\/\/www.printings-n.com\/es\/wp-json\/wp\/v2\/product_tag?post=4856"}],"curies":[{"name":"wp","href":"https:\/\/api.w.org\/{rel}","templated":true}]}}