{"id":4854,"date":"2024-12-01T09:50:59","date_gmt":"2024-12-01T09:50:59","guid":{"rendered":"https:\/\/www.printings-n.com\/produit\/parapluie-coupe-vent-a-ouverture-automatique-bella-bella-2\/"},"modified":"2024-12-01T09:50:59","modified_gmt":"2024-12-01T09:50:59","slug":"paraguas-cortaviento-de-apertura-automatica-bella-2","status":"publish","type":"product","link":"https:\/\/www.printings-n.com\/es\/producto\/paraguas-cortaviento-de-apertura-automatica-bella-2\/","title":{"rendered":"Paraguas de apertura autom\u00e1tica Bella"},"content":{"rendered":"<p>El paraguas tormenta Bella de apertura autom\u00e1tica es un paraguas de apertura autom\u00e1tica con lona de poli\u00e9ster. Tiene un robusto eje met\u00e1lico y un armaz\u00f3n patentado de fibra de vidrio de alta calidad para una m\u00e1xima flexibilidad en condiciones de viento. El mango, los extremos y la parte superior son rectos y de pl\u00e1stico. Disponible en una amplia gama de colores y dos tama\u00f1os diferentes de superficie de impresi\u00f3n.<\/p>","protected":false},"excerpt":{"rendered":"<p>Le Parapluie temp\u00eate \u00e0 ouverture automatique Bella est un parapluie \u00e0 ouverture automatique avec une toile en polyester. Il est dot\u00e9 d&#039;une solide tige en m\u00e9tal et d&#039;une armature brevet\u00e9e en fibre de verre de haute qualit\u00e9, offrant une flexibilit\u00e9 maximale en cas de vent. Il est dot\u00e9 d&#039;une poign\u00e9e droite en plastique, d&#039;embouts et [&hellip;]<\/p>\n","protected":false},"featured_media":4855,"comment_status":"open","ping_status":"closed","template":"","meta":[],"product_brand":[],"product_cat":[114],"product_tag":[],"class_list":{"0":"post-4854","1":"product","2":"type-product","3":"status-publish","4":"has-post-thumbnail","6":"product_cat-loisirs-en-exterieur","8":"first","9":"instock","10":"taxable","11":"shipping-taxable","12":"product-type-simple"},"_links":{"self":[{"href":"https:\/\/www.printings-n.com\/es\/wp-json\/wp\/v2\/product\/4854","targetHints":{"allow":["GET"]}}],"collection":[{"href":"https:\/\/www.printings-n.com\/es\/wp-json\/wp\/v2\/product"}],"about":[{"href":"https:\/\/www.printings-n.com\/es\/wp-json\/wp\/v2\/types\/product"}],"replies":[{"embeddable":true,"href":"https:\/\/www.printings-n.com\/es\/wp-json\/wp\/v2\/comments?post=4854"}],"wp:featuredmedia":[{"embeddable":true,"href":"https:\/\/www.printings-n.com\/es\/wp-json\/wp\/v2\/media\/4855"}],"wp:attachment":[{"href":"https:\/\/www.printings-n.com\/es\/wp-json\/wp\/v2\/media?parent=4854"}],"wp:term":[{"taxonomy":"product_brand","embeddable":true,"href":"https:\/\/www.printings-n.com\/es\/wp-json\/wp\/v2\/product_brand?post=4854"},{"taxonomy":"product_cat","embeddable":true,"href":"https:\/\/www.printings-n.com\/es\/wp-json\/wp\/v2\/product_cat?post=4854"},{"taxonomy":"product_tag","embeddable":true,"href":"https:\/\/www.printings-n.com\/es\/wp-json\/wp\/v2\/product_tag?post=4854"}],"curies":[{"name":"wp","href":"https:\/\/api.w.org\/{rel}","templated":true}]}}