{"id":4852,"date":"2024-12-01T09:50:54","date_gmt":"2024-12-01T09:50:54","guid":{"rendered":"https:\/\/www.printings-n.com\/produit\/parapluie-xl-coupe-vent-30impactawaretrpet190tstormproofumbrella-2\/"},"modified":"2024-12-01T09:50:55","modified_gmt":"2024-12-01T09:50:55","slug":"paraguas-xl-cortaviento-30impactawaretrpet190tstormproofparaguas-2","status":"publish","type":"product","link":"https:\/\/www.printings-n.com\/es\/producto\/paraguas-xl-cortaviento-30impactawaretrpet190tstormproofparaguas-2\/","title":{"rendered":"Paraguas XL"},"content":{"rendered":"<p>Este paraguas XL Storm est\u00e1 fabricado con pongee RPET 190T respetuoso con el medio ambiente y con trazado AWARE\u2122, lo que garantiza materiales aut\u00e9nticamente reciclados y un impacto reducido en el agua. Con una envergadura de 30 pulgadas, este paraguas manual es tu compa\u00f1ero definitivo contra las tormentas. C\u00f3moda empu\u00f1adura de EVA, robusto marco y varillas de fibra de vidrio. Es a prueba de tormentas, respetuoso con el medio ambiente y cada toldo ahorra 7 litros de agua, procedentes de 11,8 botellas de PET .<\/p>","protected":false},"excerpt":{"rendered":"<p>Ce Parapluie temp\u00eate XL est fabriqu\u00e9 en pong\u00e9 190T RPET respectueux de l&#039;environnement avec le tra\u00e7age AWARE\u2122, garantissant des mat\u00e9riaux authentiquement recycl\u00e9s et une r\u00e9duction de l&#039;impact sur l&#039;eau. Avec une envergure de 30 pouces, ce parapluie manuel est votre compagnon ultime contre les temp\u00eates. Poign\u00e9e confortable en EVA, cadre robuste en fibre de verre [&hellip;]<\/p>\n","protected":false},"featured_media":4853,"comment_status":"open","ping_status":"closed","template":"","meta":[],"product_brand":[],"product_cat":[114],"product_tag":[],"class_list":{"0":"post-4852","1":"product","2":"type-product","3":"status-publish","4":"has-post-thumbnail","6":"product_cat-loisirs-en-exterieur","8":"first","9":"instock","10":"taxable","11":"shipping-taxable","12":"product-type-simple"},"_links":{"self":[{"href":"https:\/\/www.printings-n.com\/es\/wp-json\/wp\/v2\/product\/4852","targetHints":{"allow":["GET"]}}],"collection":[{"href":"https:\/\/www.printings-n.com\/es\/wp-json\/wp\/v2\/product"}],"about":[{"href":"https:\/\/www.printings-n.com\/es\/wp-json\/wp\/v2\/types\/product"}],"replies":[{"embeddable":true,"href":"https:\/\/www.printings-n.com\/es\/wp-json\/wp\/v2\/comments?post=4852"}],"wp:featuredmedia":[{"embeddable":true,"href":"https:\/\/www.printings-n.com\/es\/wp-json\/wp\/v2\/media\/4853"}],"wp:attachment":[{"href":"https:\/\/www.printings-n.com\/es\/wp-json\/wp\/v2\/media?parent=4852"}],"wp:term":[{"taxonomy":"product_brand","embeddable":true,"href":"https:\/\/www.printings-n.com\/es\/wp-json\/wp\/v2\/product_brand?post=4852"},{"taxonomy":"product_cat","embeddable":true,"href":"https:\/\/www.printings-n.com\/es\/wp-json\/wp\/v2\/product_cat?post=4852"},{"taxonomy":"product_tag","embeddable":true,"href":"https:\/\/www.printings-n.com\/es\/wp-json\/wp\/v2\/product_tag?post=4852"}],"curies":[{"name":"wp","href":"https:\/\/api.w.org\/{rel}","templated":true}]}}