{"id":4850,"date":"2024-12-01T09:50:49","date_gmt":"2024-12-01T09:50:49","guid":{"rendered":"https:\/\/www.printings-n.com\/produit\/parapluie-pliable-colorado-mini-coloradominifoldableumbrella21inch-2\/"},"modified":"2024-12-01T09:50:49","modified_gmt":"2024-12-01T09:50:49","slug":"paraguas-plegable-colorado-mini-coloradominifoldableumbrella21inch-2","status":"publish","type":"product","link":"https:\/\/www.printings-n.com\/es\/producto\/paraguas-plegable-colorado-mini-coloradominifoldableumbrella21inch-2\/","title":{"rendered":"Colorado Mini paraguas plegable"},"content":{"rendered":"<p>Disponible en varios colores, este paraguas compacto y plegable est&aacute; fabricado en resistente poli&eacute;ster 190T. Tiene estructura met&aacute;lica, asa de pl&aacute;stico con hebilla y un pr&aacute;ctico bolsillo con cierre de velcro. Su funcionamiento manual lo convierte en un compa&ntilde;ero f&aacute;cil para los d&iacute;as lluviosos.&lt;br&gt;&lt;br&gt;<br \/>\n\u00bfDesea imprimir el mismo dise\u00f1o en varias partes del paraguas? P\u00eddanos presupuesto.<\/p>","protected":false},"excerpt":{"rendered":"<p>Disponible dans une vari\u00e9t\u00e9 de couleurs, ce parapluie compact et pliable est fabriqu\u00e9 en polyester 190T durable. Il est dot\u00e9 d&#039;une armature en m\u00e9tal, d&#039;une poign\u00e9e en plastique avec boucle et d&#039;une pochette de rangement pratique avec fermeture velcro. Son fonctionnement manuel en fait un compagnon facile pour les jours de pluie.&lt;br&gt;&lt;br&gt; Vous souhaitez imprimer [&hellip;]<\/p>\n","protected":false},"featured_media":4851,"comment_status":"open","ping_status":"closed","template":"","meta":[],"product_brand":[],"product_cat":[114],"product_tag":[],"class_list":{"0":"post-4850","1":"product","2":"type-product","3":"status-publish","4":"has-post-thumbnail","6":"product_cat-loisirs-en-exterieur","8":"first","9":"instock","10":"taxable","11":"shipping-taxable","12":"product-type-simple"},"_links":{"self":[{"href":"https:\/\/www.printings-n.com\/es\/wp-json\/wp\/v2\/product\/4850","targetHints":{"allow":["GET"]}}],"collection":[{"href":"https:\/\/www.printings-n.com\/es\/wp-json\/wp\/v2\/product"}],"about":[{"href":"https:\/\/www.printings-n.com\/es\/wp-json\/wp\/v2\/types\/product"}],"replies":[{"embeddable":true,"href":"https:\/\/www.printings-n.com\/es\/wp-json\/wp\/v2\/comments?post=4850"}],"wp:featuredmedia":[{"embeddable":true,"href":"https:\/\/www.printings-n.com\/es\/wp-json\/wp\/v2\/media\/4851"}],"wp:attachment":[{"href":"https:\/\/www.printings-n.com\/es\/wp-json\/wp\/v2\/media?parent=4850"}],"wp:term":[{"taxonomy":"product_brand","embeddable":true,"href":"https:\/\/www.printings-n.com\/es\/wp-json\/wp\/v2\/product_brand?post=4850"},{"taxonomy":"product_cat","embeddable":true,"href":"https:\/\/www.printings-n.com\/es\/wp-json\/wp\/v2\/product_cat?post=4850"},{"taxonomy":"product_tag","embeddable":true,"href":"https:\/\/www.printings-n.com\/es\/wp-json\/wp\/v2\/product_tag?post=4850"}],"curies":[{"name":"wp","href":"https:\/\/api.w.org\/{rel}","templated":true}]}}