{"id":4839,"date":"2024-12-01T09:50:21","date_gmt":"2024-12-01T09:50:21","guid":{"rendered":"https:\/\/www.printings-n.com\/produit\/cartes-a-jouer-vingaplayingcards\/"},"modified":"2024-12-01T09:50:22","modified_gmt":"2024-12-01T09:50:22","slug":"naipes-vingaplayingcards","status":"publish","type":"product","link":"https:\/\/www.printings-n.com\/es\/producto\/naipes-vingaplayingcards\/","title":{"rendered":"Cartas de juego"},"content":{"rendered":"<p>Anime sus noches de juego con esta elegante baraja de cartas, perfecta para cualquier reuni\u00f3n. Se presenta en una elegante caja que no s\u00f3lo a\u00f1ade un toque de sofisticaci\u00f3n a la decoraci\u00f3n de tu hogar, sino que adem\u00e1s mantiene tus cartas en perfectas condiciones. Ideal para entretener a amigos y familiares, tendr\u00e1s diversi\u00f3n y juegos sin fin. \u00bfEl toque personal? Su caja puede personalizarse, lo que la convierte en un regalo ideal o en un capricho especial para usted mismo.<\/p>","protected":false},"excerpt":{"rendered":"<p>Ajoutez du piquant \u00e0 vos soir\u00e9es de jeu avec ce jeu de cartes \u00e9l\u00e9gant, parfait pour tous les rassemblements. Il est livr\u00e9 dans une bo\u00eete \u00e9l\u00e9gante qui non seulement ajoute une touche de sophistication \u00e0 votre d\u00e9coration int\u00e9rieure, mais conserve \u00e9galement vos cartes dans un \u00e9tat impeccable. Id\u00e9al pour recevoir vos amis et votre famille, [&hellip;]<\/p>\n","protected":false},"featured_media":4840,"comment_status":"open","ping_status":"closed","template":"","meta":[],"product_brand":[],"product_cat":[114],"product_tag":[],"class_list":{"0":"post-4839","1":"product","2":"type-product","3":"status-publish","4":"has-post-thumbnail","6":"product_cat-loisirs-en-exterieur","8":"first","9":"instock","10":"taxable","11":"shipping-taxable","12":"product-type-simple"},"_links":{"self":[{"href":"https:\/\/www.printings-n.com\/es\/wp-json\/wp\/v2\/product\/4839","targetHints":{"allow":["GET"]}}],"collection":[{"href":"https:\/\/www.printings-n.com\/es\/wp-json\/wp\/v2\/product"}],"about":[{"href":"https:\/\/www.printings-n.com\/es\/wp-json\/wp\/v2\/types\/product"}],"replies":[{"embeddable":true,"href":"https:\/\/www.printings-n.com\/es\/wp-json\/wp\/v2\/comments?post=4839"}],"wp:featuredmedia":[{"embeddable":true,"href":"https:\/\/www.printings-n.com\/es\/wp-json\/wp\/v2\/media\/4840"}],"wp:attachment":[{"href":"https:\/\/www.printings-n.com\/es\/wp-json\/wp\/v2\/media?parent=4839"}],"wp:term":[{"taxonomy":"product_brand","embeddable":true,"href":"https:\/\/www.printings-n.com\/es\/wp-json\/wp\/v2\/product_brand?post=4839"},{"taxonomy":"product_cat","embeddable":true,"href":"https:\/\/www.printings-n.com\/es\/wp-json\/wp\/v2\/product_cat?post=4839"},{"taxonomy":"product_tag","embeddable":true,"href":"https:\/\/www.printings-n.com\/es\/wp-json\/wp\/v2\/product_tag?post=4839"}],"curies":[{"name":"wp","href":"https:\/\/api.w.org\/{rel}","templated":true}]}}