{"id":4837,"date":"2024-12-01T09:50:15","date_gmt":"2024-12-01T09:50:15","guid":{"rendered":"https:\/\/www.printings-n.com\/produit\/rond-balle-anti-stress-coolroundstressreliever\/"},"modified":"2024-12-01T09:50:15","modified_gmt":"2024-12-01T09:50:15","slug":"pelota-antiestres-redonda-coolroundstressreliever","status":"publish","type":"product","link":"https:\/\/www.printings-n.com\/es\/producto\/pelota-antiestres-redonda-coolroundstressreliever\/","title":{"rendered":"Bola antiestr\u00e9s"},"content":{"rendered":"<p>&iexcl;Mantenga la calma y permanezca unido! Esta divertida pelota antiestr&eacute;s redonda es perfecta para botar, lanzar o simplemente aplastar entre las manos. Fabricada en suave espuma de pl&aacute;stico PU, cada pieza es &uacute;nica y presenta ligeras variaciones de densidad, tama&ntilde;o y peso debido al proceso de moldeado, lo que puede impedir una impresi&oacute;n precisa y uniforme. Ideales para llevar cerca del escritorio o en el bolso en esos momentos en los que necesitas un poco de alivio para el estr&eacute;s.&lt;br&gt;&lt;br&gt;<\/p>\n<p>Nota: El grabado por l\u00e1ser ser\u00e1 del mismo color que el producto.<\/p>","protected":false},"excerpt":{"rendered":"<p>Restez calme et serrez-vous les coudes ! Cette amusante balle anti-stress ronde est parfaite pour rebondir, \u00eatre lanc\u00e9e ou simplement \u00eatre \u00e9cras\u00e9e dans vos mains. Fabriqu\u00e9 en mousse plastique PU souple, chaque objet est unique et pr\u00e9sente de l\u00e9g\u00e8res variations de densit\u00e9, de taille et de poids dues au processus de moulage, ce qui peut [&hellip;]<\/p>\n","protected":false},"featured_media":4838,"comment_status":"open","ping_status":"closed","template":"","meta":[],"product_brand":[],"product_cat":[114],"product_tag":[],"class_list":{"0":"post-4837","1":"product","2":"type-product","3":"status-publish","4":"has-post-thumbnail","6":"product_cat-loisirs-en-exterieur","8":"first","9":"instock","10":"taxable","11":"shipping-taxable","12":"product-type-simple"},"_links":{"self":[{"href":"https:\/\/www.printings-n.com\/es\/wp-json\/wp\/v2\/product\/4837","targetHints":{"allow":["GET"]}}],"collection":[{"href":"https:\/\/www.printings-n.com\/es\/wp-json\/wp\/v2\/product"}],"about":[{"href":"https:\/\/www.printings-n.com\/es\/wp-json\/wp\/v2\/types\/product"}],"replies":[{"embeddable":true,"href":"https:\/\/www.printings-n.com\/es\/wp-json\/wp\/v2\/comments?post=4837"}],"wp:featuredmedia":[{"embeddable":true,"href":"https:\/\/www.printings-n.com\/es\/wp-json\/wp\/v2\/media\/4838"}],"wp:attachment":[{"href":"https:\/\/www.printings-n.com\/es\/wp-json\/wp\/v2\/media?parent=4837"}],"wp:term":[{"taxonomy":"product_brand","embeddable":true,"href":"https:\/\/www.printings-n.com\/es\/wp-json\/wp\/v2\/product_brand?post=4837"},{"taxonomy":"product_cat","embeddable":true,"href":"https:\/\/www.printings-n.com\/es\/wp-json\/wp\/v2\/product_cat?post=4837"},{"taxonomy":"product_tag","embeddable":true,"href":"https:\/\/www.printings-n.com\/es\/wp-json\/wp\/v2\/product_tag?post=4837"}],"curies":[{"name":"wp","href":"https:\/\/api.w.org\/{rel}","templated":true}]}}