{"id":4766,"date":"2024-12-01T09:47:41","date_gmt":"2024-12-01T09:47:41","guid":{"rendered":"https:\/\/www.printings-n.com\/produit\/banque-dalimentation-8000-mah-wirelesspowerbank8000cwirelesschargerfwr0ot\/"},"modified":"2024-12-01T09:47:42","modified_gmt":"2024-12-01T09:47:42","slug":"8000-mah-wirelesspowerbank8000cwirelesschargerfwr0ot","status":"publish","type":"product","link":"https:\/\/www.printings-n.com\/es\/producto\/8000-mah-wirelesspowerbank8000cwirelesschargerfwr0ot\/","title":{"rendered":"Bater\u00eda externa de 8000 mAh"},"content":{"rendered":"<p>\u00a1Descubra nuestro cargador inal\u00e1mbrico powerbank de 8000 mAh! Una potente bater\u00eda de iones de litio de 8000 mAh con carga inal\u00e1mbrica de 5 W. Fabricada en pl\u00e1stico ABS reciclado, admite carga inal\u00e1mbrica QI para modelos Android y iPhone 8 y superiores. Cuenta con salidas USB y Type-C, luces indicadoras y un bot\u00f3n de encendido\/apagado. Incluye cable de carga micro USB y manual de usuario. Perfecto para branding y regalo.<\/p>","protected":false},"excerpt":{"rendered":"<p>D\u00e9couvrez notre chargeur sans fil powerbank 8000 mAh ! Une puissante batterie Li-ion de 8000 mAh avec une charge sans fil de 5 W. Fabriqu\u00e9 \u00e0 partir de plastique ABS recycl\u00e9, il prend en charge la charge sans fil QI pour les mod\u00e8les Android et iPhone 8 et sup\u00e9rieurs. Dot\u00e9 de sorties USB et de [&hellip;]<\/p>\n","protected":false},"featured_media":4768,"comment_status":"open","ping_status":"closed","template":"","meta":[],"product_brand":[],"product_cat":[113],"product_tag":[],"class_list":{"0":"post-4766","1":"product","2":"type-product","3":"status-publish","4":"has-post-thumbnail","6":"product_cat-gadgets-technologie","8":"first","9":"instock","10":"taxable","11":"shipping-taxable","12":"product-type-simple"},"_links":{"self":[{"href":"https:\/\/www.printings-n.com\/es\/wp-json\/wp\/v2\/product\/4766","targetHints":{"allow":["GET"]}}],"collection":[{"href":"https:\/\/www.printings-n.com\/es\/wp-json\/wp\/v2\/product"}],"about":[{"href":"https:\/\/www.printings-n.com\/es\/wp-json\/wp\/v2\/types\/product"}],"replies":[{"embeddable":true,"href":"https:\/\/www.printings-n.com\/es\/wp-json\/wp\/v2\/comments?post=4766"}],"wp:featuredmedia":[{"embeddable":true,"href":"https:\/\/www.printings-n.com\/es\/wp-json\/wp\/v2\/media\/4768"}],"wp:attachment":[{"href":"https:\/\/www.printings-n.com\/es\/wp-json\/wp\/v2\/media?parent=4766"}],"wp:term":[{"taxonomy":"product_brand","embeddable":true,"href":"https:\/\/www.printings-n.com\/es\/wp-json\/wp\/v2\/product_brand?post=4766"},{"taxonomy":"product_cat","embeddable":true,"href":"https:\/\/www.printings-n.com\/es\/wp-json\/wp\/v2\/product_cat?post=4766"},{"taxonomy":"product_tag","embeddable":true,"href":"https:\/\/www.printings-n.com\/es\/wp-json\/wp\/v2\/product_tag?post=4766"}],"curies":[{"name":"wp","href":"https:\/\/api.w.org\/{rel}","templated":true}]}}