{"id":4762,"date":"2024-12-01T09:47:33","date_gmt":"2024-12-01T09:47:33","guid":{"rendered":"https:\/\/www.printings-n.com\/produit\/casques-urban-vitamin-recycles-urbanvitaminglendale\/"},"modified":"2024-12-01T09:47:33","modified_gmt":"2024-12-01T09:47:33","slug":"cascos-urban-vitamin-recicla-urbanvitaminglendale","status":"publish","type":"product","link":"https:\/\/www.printings-n.com\/es\/producto\/cascos-urban-vitamin-recicla-urbanvitaminglendale\/","title":{"rendered":"Cascos reciclados Urban Vitamin"},"content":{"rendered":"<p>Presentamos Glendale, los auriculares de gama alta m\u00e1s avanzados tecnol\u00f3gicamente. Su dise\u00f1o exclusivo no coloca los auriculares en los o\u00eddos, sino junto a ellos, para que siempre est\u00e9s al tanto de todo cuando salgas. Los auriculares son resistentes al agua IPX4, por lo que son aptos para todo tipo de entrenamientos. La bater\u00eda dura hasta 10 horas con una sola carga. Si recibes una llamada, s\u00f3lo tienes que responder con el micr\u00f3fono integrado. Los auriculares Glendale est\u00e1n fabricados con ABS reciclado con certificaci\u00f3n RCS. Contenido reciclado total: 17 % basado en el peso total del art\u00edculo. La certificaci\u00f3n RCS garantiza una cadena de suministro de materiales reciclados totalmente certificada. Los productos Urban Vitamin no contienen PVC y se presentan en envases de pl\u00e1stico reducido.<\/p>","protected":false},"excerpt":{"rendered":"<p>Voici Glendale, le casque le plus haut de gamme et le plus avanc\u00e9 sur le plan technologique. Le design unique ne place pas les \u00e9couteurs dans vos oreilles mais \u00e0 c\u00f4t\u00e9, ce qui vous permet d&#039;\u00eatre toujours au courant de la situation lorsque vous \u00eates \u00e0 l&#039;ext\u00e9rieur. Les \u00e9couteurs sont \u00e9tanches IPX4, conviennent donc \u00e0 [&hellip;]<\/p>\n","protected":false},"featured_media":4763,"comment_status":"open","ping_status":"closed","template":"","meta":[],"product_brand":[],"product_cat":[113],"product_tag":[],"class_list":{"0":"post-4762","1":"product","2":"type-product","3":"status-publish","4":"has-post-thumbnail","6":"product_cat-gadgets-technologie","8":"first","9":"instock","10":"taxable","11":"shipping-taxable","12":"product-type-simple"},"_links":{"self":[{"href":"https:\/\/www.printings-n.com\/es\/wp-json\/wp\/v2\/product\/4762","targetHints":{"allow":["GET"]}}],"collection":[{"href":"https:\/\/www.printings-n.com\/es\/wp-json\/wp\/v2\/product"}],"about":[{"href":"https:\/\/www.printings-n.com\/es\/wp-json\/wp\/v2\/types\/product"}],"replies":[{"embeddable":true,"href":"https:\/\/www.printings-n.com\/es\/wp-json\/wp\/v2\/comments?post=4762"}],"wp:featuredmedia":[{"embeddable":true,"href":"https:\/\/www.printings-n.com\/es\/wp-json\/wp\/v2\/media\/4763"}],"wp:attachment":[{"href":"https:\/\/www.printings-n.com\/es\/wp-json\/wp\/v2\/media?parent=4762"}],"wp:term":[{"taxonomy":"product_brand","embeddable":true,"href":"https:\/\/www.printings-n.com\/es\/wp-json\/wp\/v2\/product_brand?post=4762"},{"taxonomy":"product_cat","embeddable":true,"href":"https:\/\/www.printings-n.com\/es\/wp-json\/wp\/v2\/product_cat?post=4762"},{"taxonomy":"product_tag","embeddable":true,"href":"https:\/\/www.printings-n.com\/es\/wp-json\/wp\/v2\/product_tag?post=4762"}],"curies":[{"name":"wp","href":"https:\/\/api.w.org\/{rel}","templated":true}]}}